{"id":154,"date":"2021-03-17T10:22:13","date_gmt":"2021-03-17T10:22:13","guid":{"rendered":"https:\/\/apusthemes.com\/wp-demo\/superio\/?page_id=154"},"modified":"2025-09-10T12:38:35","modified_gmt":"2025-09-10T12:38:35","slug":"login-register","status":"publish","type":"page","link":"https:\/\/yakajobs.com\/fr\/login-register\/","title":{"rendered":"Connexion \/ Inscription"},"content":{"rendered":"<div data-elementor-type=\"wp-page\" data-elementor-id=\"154\" class=\"elementor elementor-154\" data-elementor-post-type=\"page\">\n\t\t\t\t<div class=\"elementor-element elementor-element-57d43d5 e-flex e-con-boxed e-con e-parent\" data-id=\"57d43d5\" data-element_type=\"container\">\n\t\t\t\t\t<div class=\"e-con-inner\">\n\t\t\t\t<div class=\"elementor-element elementor-element-b4e754d elementor-widget elementor-widget-heading\" data-id=\"b4e754d\" data-element_type=\"widget\" data-widget_type=\"heading.default\">\n\t\t\t\t\t<h2 class=\"elementor-heading-title elementor-size-default\">L'inscription est rapide et gratuite. <br>Inscrivez-vous d\u00e8s maintenant pour saisir toutes les opportunit\u00e9s.<\/h2>\t\t\t\t<\/div>\n\t\t\t\t<div class=\"elementor-element elementor-element-8af7baa elementor-widget elementor-widget-text-editor\" data-id=\"8af7baa\" data-element_type=\"widget\" data-widget_type=\"text-editor.default\">\n\t\t\t\t\t\t\t\t\t<p>Vous devez disposer d'un compte pour publier un emploi ou postuler \u00e0 un emploi.\u00a0<\/p>\t\t\t\t\t\t\t\t<\/div>\n\t\t\t\t\t<\/div>\n\t\t\t\t<\/div>\n\t\t\t\t<section class=\"elementor-section elementor-top-section elementor-element elementor-element-5426ddd elementor-section-stretched elementor-section-boxed elementor-section-height-default elementor-section-height-default\" data-id=\"5426ddd\" data-element_type=\"section\" data-settings=\"{&quot;stretch_section&quot;:&quot;section-stretched&quot;}\">\n\t\t\t\t\t\t<div class=\"elementor-container elementor-column-gap-extended\">\n\t\t\t\t\t<div class=\"elementor-column elementor-col-50 elementor-top-column elementor-element elementor-element-50e3c4b\" data-id=\"50e3c4b\" data-element_type=\"column\">\n\t\t\t<div class=\"elementor-widget-wrap elementor-element-populated\">\n\t\t\t\t\t\t<div class=\"elementor-element elementor-element-9920961 elementor-widget elementor-widget-heading\" data-id=\"9920961\" data-element_type=\"widget\" data-widget_type=\"heading.default\">\n\t\t\t\t\t<h2 class=\"elementor-heading-title elementor-size-default\">Se connecter \u00e0 Yakajobs<\/h2>\t\t\t\t<\/div>\n\t\t\t\t<div class=\"elementor-element elementor-element-af47eb6 elementor-widget elementor-widget-shortcode\" data-id=\"af47eb6\" data-element_type=\"widget\" data-widget_type=\"shortcode.default\">\n\t\t\t\t\t\t\t<div class=\"elementor-shortcode\"><div class=\"login-form-wrapper\">\n\t<div id=\"login-form-wrapper2139\" class=\"form-container\">\t\t\t\n\t\t\t\t\n\t\t<form class=\"login-form\" action=\"https:\/\/yakajobs.com\/fr\/\" method=\"post\" data-trp-original-action=\"https:\/\/yakajobs.com\/fr\/\">\n\t\t\t\t\t\t<div class=\"form-group\">\n\t\t\t\t<label>Courriel<\/label>\n\t\t\t\t<input autocomplete=\"username\" type=\"text\" name=\"username\" class=\"form-control\" id=\"username_or_email\" placeholder=\"Courriel\">\n\t\t\t<\/div>\n\t\t\t<div class=\"form-group\">\n\t\t\t\t<label>Mot de passe<\/label>\n\t\t\t\t<span class=\"show_hide_password\">\n\t\t\t\t\t<input autocomplete=\"current-password\" name=\"password\" type=\"password\" class=\"password required form-control\" id=\"login_password\" placeholder=\"Mot de passe\">\n\t\t\t\t\t<a class=\"toggle-password\" title=\"Afficher\"><span class=\"dashicons dashicons-hidden\"><\/span><\/a>\n\t\t\t\t<\/span>\n\t\t\t<\/div>\n\n\t\t\t<div class=\"row form-group info\">\n\t\t\t\t<div class=\"col-sm-6\">\n\t\t\t\t\t<label for=\"user-remember-field2139\" class=\"remember\">\n\t\t\t\t\t\t<input type=\"checkbox\" name=\"remember\" id=\"user-remember-field2139\" value=\"true\"> Garder ma session ouverte\t\t\t\t\t<\/label>\n\t\t\t\t<\/div>\n\t\t\t\t<div class=\"col-sm-6 link-right\">\n\t\t\t\t\t<a class=\"back-link\" href=\"#forgot-password-form-wrapper2139\" title=\"Mot de passe oubli\u00e9\">Mot de passe oubli\u00e9 ?<\/a>\n\t\t\t\t<\/div>\n\t\t\t<\/div>\n\t\t\t\n\t\t\t\t\t\t\n\t\t\t<div class=\"form-group\">\n\t\t\t\t<input type=\"submit\" class=\"btn btn-theme btn-block\" name=\"submit\" value=\"Connexion\"\/>\n\t\t\t<\/div>\n\t\t\t\t\t\t<div style=\"margin: 5px 0 20px;\">\n\t\t\t\t<p style=\"font-size: 14px;\">\n\t\t\t\t\tProuvez que vous n'\u00eates pas une machine\t\t\t\t<\/p>\n\t\t\t\t<br\/>\n\t\t\t\t<label for=\"jetpack_protect_answer\" style=\"vertical-align:super;\">\n\t\t\t\t\t8 + 1 = &nbsp;\t\t\t\t<\/label>\n\t\t\t\t<input type=\"number\" id=\"jetpack_protect_answer\" name=\"jetpack_protect_num\" value=\"\" size=\"2\" style=\"width:50px;height:25px;vertical-align:middle;font-size:13px;\" class=\"input\" \/>\n\t\t\t\t<input type=\"hidden\" name=\"jetpack_protect_answer\" value=\"c9c68b05e20a4e15bb50ca5fa7787d7d2061973c\" \/>\n\t\t\t<\/div>\n\t\t\t<input type=\"hidden\" id=\"security_login\" name=\"security_login\" value=\"f1562746c5\" \/><input type=\"hidden\" name=\"_wp_http_referer\" value=\"\/fr\/wp-json\/wp\/v2\/pages\/154\" \/>\t\t\t\t\t<input type=\"hidden\" name=\"trp-form-language\" value=\"fr\"\/><\/form>\n\t<\/div>\n\t<!-- reset form -->\n\t<div id=\"forgot-password-form-wrapper2139\" class=\"form-container forgotpassword-form-wrapper\">\n\t\t<div class=\"top-info-user text-center1\">\n\t\t\t<h3 class=\"title\">R\u00e9initialiser le mot de passe<\/h3>\n\t\t\t<div class=\"des\">Veuillez saisir votre nom d'utilisateur ou votre adresse \u00e9lectronique<\/div>\n\t\t<\/div>\n\t\t<form name=\"forgotpasswordform\" class=\"forgotpassword-form\" action=\"https:\/\/yakajobs.com\/wp-login.php?action=lostpassword\" method=\"post\">\n\t\t\t<div class=\"lostpassword-fields\">\n\t\t\t\t<div class=\"form-group\">\n\t\t\t\t\t<input type=\"text\" name=\"user_login\" class=\"user_login form-control\" id=\"lostpassword_username\" placeholder=\"Nom d&#039;utilisateur ou e-mail\">\n\t\t\t\t<\/div>\n\t\t\t\t<input type=\"hidden\" id=\"security_lostpassword\" name=\"security_lostpassword\" value=\"01d71ac357\" \/><input type=\"hidden\" name=\"_wp_http_referer\" value=\"\/fr\/wp-json\/wp\/v2\/pages\/154\" \/>\n\t            <div id=\"recaptcha-forgotpasswordform\" class=\"ga-recaptcha\" data-sitekey=\"\"><\/div>\n\t\t      \t\n\t\t\t\t<div class=\"form-group\">\n\t\t\t\t\t<div class=\"row\">\n\t\t\t\t\t\t<div class=\"col-xs-6\"><input type=\"submit\" class=\"btn btn-theme btn-sm btn-block\" name=\"wp-submit\" value=\"Obtenir un nouveau mot de passe\" tabindex=\"100\" \/><\/div>\n\t\t\t\t\t<\/div>\n\t\t\t\t<\/div>\n\t\t\t<\/div>\n\t\t\t<div class=\"lostpassword-link\"><a href=\"#login-form-wrapper2139\" class=\"back-link\">Retour \u00e0 la connexion<\/a><\/div>\n\t\t<\/form>\n\t<\/div>\n<\/div><\/div>\n\t\t\t\t\t\t<\/div>\n\t\t\t\t\t<\/div>\n\t\t<\/div>\n\t\t\t\t<div class=\"elementor-column elementor-col-50 elementor-top-column elementor-element elementor-element-a62c626\" data-id=\"a62c626\" data-element_type=\"column\">\n\t\t\t<div class=\"elementor-widget-wrap elementor-element-populated\">\n\t\t\t\t\t\t<div class=\"elementor-element elementor-element-e1f4ec0 elementor-widget elementor-widget-heading\" data-id=\"e1f4ec0\" data-element_type=\"widget\" data-widget_type=\"heading.default\">\n\t\t\t\t\t<h2 class=\"elementor-heading-title elementor-size-default\">Cr\u00e9er un compte Yakajobs gratuit<\/h2>\t\t\t\t<\/div>\n\t\t\t\t<div class=\"elementor-element elementor-element-63c1860 elementor-widget elementor-widget-apus_element_register_tabs\" data-id=\"63c1860\" data-element_type=\"widget\" data-widget_type=\"apus_element_register_tabs.default\">\n\t\t\t\t<div class=\"elementor-widget-container\">\n\t\t\t\t\t                <div class=\"register-form register-form-wrapper\">\n\n                                            <ul class=\"role-tabs nav nav-tabs\">\n                            <li class=\"active\"><a data-toggle=\"tab\" href=\"#apus_register_form_candidate_u8wsK\"><i class=\"flaticon-user\"><\/i>Candidat<\/a><\/li>\n                            <li><a data-toggle=\"tab\" href=\"#apus_register_form_employer_u8wsK\"><i class=\"flaticon-briefcase\"><\/i>Employeur<\/a><\/li>\n                        <\/ul>\n                    \n                    <div class=\"tab-content clearfix\">\n                                                    <div class=\"tab-pane active in\" id=\"apus_register_form_candidate_u8wsK\">\n                                \n<div class=\"register-form-wrapper\">\n  \t<div class=\"container-form\">\n\n  \t\t\n\t\t\n  \t\t<form action=\"\" class=\"cmb-form _candidate_register_fields\" method=\"post\" id=\"_candidate_register_fields_4843\" enctype=\"multipart\/form-data\" encoding=\"multipart\/form-data\" data-trp-original-action=\"\"><input type=\"hidden\" name=\"wp_job_board_pro_register_candidate_form\" value=\"wp_job_board_pro_register_candidate_form\"><input type=\"hidden\" name=\"object_id\" value=\"epfXN\">\n<!-- Begin CMB2 Fields -->\n<input type=\"hidden\" id=\"nonce_CMB2php_candidate_register_fields\" name=\"nonce_CMB2php_candidate_register_fields\" value=\"e68008e193\" \/><div class=\"cmb2-wrap form-table\"><div id=\"cmb2-metabox-_candidate_register_fields\" class=\"cmb2-metabox cmb-field-list\"><div class=\"cmb-row cmb-type-text cmb2-id--candidate-email table-layout\" data-fieldtype=\"text\">\n<div class=\"cmb-th\">Courriel <span class=\"required\">*<\/span><\/div>\n\t<div class=\"cmb-td\">\n<input type=\"text\" class=\"regular-text\" name=\"_candidate_email\" id=\"_candidate_email\" value=\"\" data-hash='5d52tsq4k6r0' placeholder=\"Courriel\" required=\"1\"\/>\n\t<\/div>\n<\/div><div class=\"cmb-row cmb-type-hide-show-password cmb2-id--candidate-password\" data-fieldtype=\"hide_show_password\">\n<div class=\"cmb-th\">Mot de passe <span class=\"required\">*<\/span><\/div>\n\t<div class=\"cmb-td\">\n \n\t\t<span class=\"show_hide_password_wrapper\">\n\t\t\t<input type=\"password\" class=\"regular-text\" name=\"_candidate_password\" id=\"hide_show_password\" value=\"\" data-lpignore='1' autocomplete=\"off\" data-hash='22je8icbor60' placeholder=\"Mot de passe\" required=\"1\"\/>\t\t\t<a class=\"toggle-password\" title=\"Afficher\"><span class=\"dashicons dashicons-hidden\"><\/span><\/a>\n\t\t<\/span>\n\t\t\n\t<\/div>\n<\/div><div class=\"cmb-row cmb-type-hide-show-password cmb2-id--candidate-confirmpassword\" data-fieldtype=\"hide_show_password\">\n<div class=\"cmb-th\">Confirmer le mot de passe <span class=\"required\">*<\/span><\/div>\n\t<div class=\"cmb-td\">\n \n\t\t<span class=\"show_hide_password_wrapper\">\n\t\t\t<input type=\"password\" class=\"regular-text\" name=\"_candidate_confirmpassword\" id=\"hide_show_password\" value=\"\" data-lpignore='1' autocomplete=\"off\" data-hash='2mtknu85a3fg' placeholder=\"Confirmer le mot de passe\" required=\"1\"\/>\t\t\t<a class=\"toggle-password\" title=\"Afficher\"><span class=\"dashicons dashicons-hidden\"><\/span><\/a>\n\t\t<\/span>\n\t\t\n\t<\/div>\n<\/div><div class=\"cmb-row cmb-type-text cmb2-id--candidate-title table-layout\" data-fieldtype=\"text\">\n<div class=\"cmb-th\">\n<label for=\"_candidate_title\">Pr\u00e9nom<\/label>\n<\/div>\n\t<div class=\"cmb-td\">\n<input type=\"text\" class=\"regular-text\" name=\"_candidate_title\" id=\"_candidate_title\" value=\"\" data-hash='2h4jsnd6p63g' required=\"required\"\/>\n\t<\/div>\n<\/div><div class=\"cmb-row cmb-type-text cmb2-id-custom-text-39399677 table-layout\" data-fieldtype=\"text\">\n<div class=\"cmb-th\">\n<label for=\"custom-text-39399677\">Nom de famille<\/label>\n<\/div>\n\t<div class=\"cmb-td\">\n<input type=\"text\" class=\"regular-text\" name=\"custom-text-39399677\" id=\"custom-text-39399677\" value=\"\" data-hash='6et114kj5gb0'\/>\n\t<\/div>\n<\/div><\/div><\/div><input type=\"hidden\" class=\"cmb2-hidden\" name=\"post_type\" id=\"post_type\" value=\"candidate\" data-hash='2khp2m90olu0'\/>\n<!-- End CMB2 Fields -->\n \n\t\t\t\t<div class=\"form-group\">\n\t\t\t\t\t<label for=\"register-terms-and-conditions\">\n\t\t\t\t\t\t<input type=\"checkbox\" name=\"terms_and_conditions\" value=\"on\" id=\"register-terms-and-conditions\" required>\n\t\t\t\t\t\tVous acceptez notre <a href=\"https:\/\/yakajobs.com\/fr\/terms-and-conditions\/\">Conditions g\u00e9n\u00e9rales et politique de confidentialit\u00e9<\/a>\n\t\t\t\t\t<\/label>\n\t\t\t\t<\/div><input type=\"submit\" name=\"submit-cmb-register-candidate\" value=\"S&#039;inscrire\" class=\"button-primary\"><input type=\"hidden\" name=\"trp-form-language\" value=\"fr\"\/><\/form>\n    <\/div>\n\n<\/div>\n                            <\/div>\n                                                                            <div class=\"tab-pane\" id=\"apus_register_form_employer_u8wsK\">\n                                \n<div class=\"register-form-wrapper\">\n  \t<div class=\"container-form\">\n\n  \t\t\n\t\t\n  \t\t<form action=\"\" class=\"cmb-form _employer_register_fields\" method=\"post\" id=\"_employer_register_fields_6244\" enctype=\"multipart\/form-data\" encoding=\"multipart\/form-data\" data-trp-original-action=\"\"><input type=\"hidden\" name=\"wp_job_board_pro_register_employer_form\" value=\"wp_job_board_pro_register_employer_form\"><input type=\"hidden\" name=\"object_id\" value=\"jy8qj\">\n<!-- Begin CMB2 Fields -->\n<input type=\"hidden\" id=\"nonce_CMB2php_employer_register_fields\" name=\"nonce_CMB2php_employer_register_fields\" value=\"4ca76f8580\" \/><div class=\"cmb2-wrap form-table\"><div id=\"cmb2-metabox-_employer_register_fields\" class=\"cmb2-metabox cmb-field-list\"><div class=\"cmb-row cmb-type-text cmb2-id--employer-email table-layout\" data-fieldtype=\"text\">\n<div class=\"cmb-th\">Courriel <span class=\"required\">*<\/span><\/div>\n\t<div class=\"cmb-td\">\n<input type=\"text\" class=\"regular-text\" name=\"_employer_email\" id=\"_employer_email\" value=\"\" data-hash='6hlb2l5m4mk0' placeholder=\"Courriel\" required=\"1\"\/>\n\t<\/div>\n<\/div><div class=\"cmb-row cmb-type-hide-show-password cmb2-id--employer-password\" data-fieldtype=\"hide_show_password\">\n<div class=\"cmb-th\">Mot de passe <span class=\"required\">*<\/span><\/div>\n\t<div class=\"cmb-td\">\n \n\t\t<span class=\"show_hide_password_wrapper\">\n\t\t\t<input type=\"password\" class=\"regular-text\" name=\"_employer_password\" id=\"hide_show_password\" value=\"\" data-lpignore='1' autocomplete=\"off\" data-hash='4l40gpf3g8n0' placeholder=\"Mot de passe\" required=\"1\"\/>\t\t\t<a class=\"toggle-password\" title=\"Afficher\"><span class=\"dashicons dashicons-hidden\"><\/span><\/a>\n\t\t<\/span>\n\t\t\n\t<\/div>\n<\/div><div class=\"cmb-row cmb-type-hide-show-password cmb2-id--employer-confirmpassword\" data-fieldtype=\"hide_show_password\">\n<div class=\"cmb-th\">Confirmer le mot de passe <span class=\"required\">*<\/span><\/div>\n\t<div class=\"cmb-td\">\n \n\t\t<span class=\"show_hide_password_wrapper\">\n\t\t\t<input type=\"password\" class=\"regular-text\" name=\"_employer_confirmpassword\" id=\"hide_show_password\" value=\"\" data-lpignore='1' autocomplete=\"off\" data-hash='43vscekeu6d0' placeholder=\"Confirmer le mot de passe\" required=\"1\"\/>\t\t\t<a class=\"toggle-password\" title=\"Afficher\"><span class=\"dashicons dashicons-hidden\"><\/span><\/a>\n\t\t<\/span>\n\t\t\n\t<\/div>\n<\/div><div class=\"cmb-row cmb-type-text cmb2-id--employer-title table-layout\" data-fieldtype=\"text\">\n<div class=\"cmb-th\">Pr\u00e9nom <span class=\"required\">*<\/span><\/div>\n\t<div class=\"cmb-td\">\n<input type=\"text\" class=\"regular-text\" name=\"_employer_title\" id=\"_employer_title\" value=\"\" data-hash='6c0jhrfl3u80' required=\"required\"\/>\n\t<\/div>\n<\/div><div class=\"cmb-row cmb-type-text cmb2-id-custom-text-28134900 table-layout\" data-fieldtype=\"text\">\n<div class=\"cmb-th\">Nom de famille <span class=\"required\">*<\/span><\/div>\n\t<div class=\"cmb-td\">\n<input type=\"text\" class=\"regular-text\" name=\"custom-text-28134900\" id=\"custom-text-28134900\" value=\"\" data-hash='2q37rt3oovfg' required=\"required\"\/>\n\t<\/div>\n<\/div><div class=\"cmb-row cmb-type-text cmb2-id-custom-text-27177605 table-layout\" data-fieldtype=\"text\">\n<div class=\"cmb-th\">Nom de l'entreprise <span class=\"required\">*<\/span><\/div>\n\t<div class=\"cmb-td\">\n<input type=\"text\" class=\"regular-text\" name=\"custom-text-27177605\" id=\"custom-text-27177605\" value=\"\" data-hash='1jes08f0cu48' required=\"required\"\/>\n\t<\/div>\n<\/div><div class=\"cmb-row cmb-type-text cmb2-id-custom-text-29347082 table-layout\" data-fieldtype=\"text\">\n<div class=\"cmb-th\">Fonction <span class=\"required\">*<\/span><\/div>\n\t<div class=\"cmb-td\">\n<input type=\"text\" class=\"regular-text\" name=\"custom-text-29347082\" id=\"custom-text-29347082\" value=\"\" data-hash='244hl1heomdg' required=\"required\"\/>\n\t<\/div>\n<\/div><\/div><\/div><input type=\"hidden\" class=\"cmb2-hidden\" name=\"post_type\" id=\"post_type\" value=\"employer\" data-hash='13buo8iukl38'\/>\n<!-- End CMB2 Fields -->\n \n\t\t\t\t<div class=\"form-group\">\n\t\t\t\t\t<label for=\"register-terms-and-conditions\">\n\t\t\t\t\t\t<input type=\"checkbox\" name=\"terms_and_conditions\" value=\"on\" id=\"register-terms-and-conditions\" required>\n\t\t\t\t\t\tVous acceptez notre <a href=\"https:\/\/yakajobs.com\/fr\/terms-and-conditions\/\">Conditions g\u00e9n\u00e9rales et politique de confidentialit\u00e9<\/a>\n\t\t\t\t\t<\/label>\n\t\t\t\t<\/div><input type=\"submit\" name=\"submit-cmb-register-employer\" value=\"S&#039;inscrire\" class=\"button-primary\"><input type=\"hidden\" name=\"trp-form-language\" value=\"fr\"\/><\/form>\n    <\/div>\n\n<\/div>\n                            <\/div>\n                                            <\/div>\n                <\/div>\n            \t\t\t\t<\/div>\n\t\t\t\t<\/div>\n\t\t\t\t\t<\/div>\n\t\t<\/div>\n\t\t\t\t\t<\/div>\n\t\t<\/section>\n\t\t\t\t<\/div>","protected":false},"excerpt":{"rendered":"<p>L'inscription est rapide et gratuite. Inscrivez-vous d\u00e8s maintenant pour d\u00e9bloquer toutes les opportunit\u00e9s. Vous avez besoin d'un compte pour publier un emploi ou postuler \u00e0 un emploi.  Se connecter \u00e0 Yakajobs Cr\u00e9er un compte Yakajobs gratuit Vous \u00eates actuellement connect\u00e9 en tant que Admin123. Se d\u00e9connecter<\/p>","protected":false},"author":1,"featured_media":0,"parent":0,"menu_order":0,"comment_status":"closed","ping_status":"closed","template":"","meta":{"_seopress_robots_primary_cat":"","_seopress_titles_title":"","_seopress_titles_desc":"","_seopress_robots_index":"","footnotes":""},"class_list":["post-154","page","type-page","status-publish","hentry"],"jetpack_sharing_enabled":true,"_links":{"self":[{"href":"https:\/\/yakajobs.com\/fr\/wp-json\/wp\/v2\/pages\/154","targetHints":{"allow":["GET"]}}],"collection":[{"href":"https:\/\/yakajobs.com\/fr\/wp-json\/wp\/v2\/pages"}],"about":[{"href":"https:\/\/yakajobs.com\/fr\/wp-json\/wp\/v2\/types\/page"}],"author":[{"embeddable":true,"href":"https:\/\/yakajobs.com\/fr\/wp-json\/wp\/v2\/users\/1"}],"replies":[{"embeddable":true,"href":"https:\/\/yakajobs.com\/fr\/wp-json\/wp\/v2\/comments?post=154"}],"version-history":[{"count":30,"href":"https:\/\/yakajobs.com\/fr\/wp-json\/wp\/v2\/pages\/154\/revisions"}],"predecessor-version":[{"id":10176,"href":"https:\/\/yakajobs.com\/fr\/wp-json\/wp\/v2\/pages\/154\/revisions\/10176"}],"wp:attachment":[{"href":"https:\/\/yakajobs.com\/fr\/wp-json\/wp\/v2\/media?parent=154"}],"curies":[{"name":"wp","href":"https:\/\/api.w.org\/{rel}","templated":true}]}}