{"id":9474,"date":"2025-09-03T17:10:47","date_gmt":"2025-09-03T17:10:47","guid":{"rendered":"https:\/\/bd.karachifurniture.com\/?page_id=9474"},"modified":"2026-01-05T10:55:27","modified_gmt":"2026-01-05T10:55:27","slug":"company","status":"publish","type":"page","link":"https:\/\/yakajobs.com\/fr\/company\/","title":{"rendered":"Entreprise"},"content":{"rendered":"<div data-elementor-type=\"wp-page\" data-elementor-id=\"9474\" class=\"elementor elementor-9474\" data-elementor-post-type=\"page\">\n\t\t\t\t<div class=\"elementor-element elementor-element-62f43ee e-flex e-con-boxed e-con e-parent\" data-id=\"62f43ee\" data-element_type=\"container\">\n\t\t\t\t\t<div class=\"e-con-inner\">\n\t\t<div class=\"elementor-element elementor-element-5bfd49e e-con-full e-flex e-con e-child\" data-id=\"5bfd49e\" data-element_type=\"container\">\n\t\t\t\t<div class=\"elementor-element elementor-element-54878ed elementor-widget__width-initial elementor-widget elementor-widget-heading\" data-id=\"54878ed\" data-element_type=\"widget\" data-widget_type=\"heading.default\">\n\t\t\t\t\t<h2 class=\"elementor-heading-title elementor-size-default\">Pourquoi embaucher un retrait\u00e9 ?<\/h2>\t\t\t\t<\/div>\n\t\t\t\t<div class=\"elementor-element elementor-element-ccc8273 elementor-widget elementor-widget-text-editor\" data-id=\"ccc8273\" data-element_type=\"widget\" data-widget_type=\"text-editor.default\">\n\t\t\t\t\t\t\t\t\tL'embauche d'un retrait\u00e9 en Belgique, quel que soit son statut, pr\u00e9sente un certain nombre d'avantages juridiques pour toutes les entreprises.\n<br><br>\nTout d'abord, les retrait\u00e9s peuvent \u00eatre embauch\u00e9s sans avoir \u00e0 payer de cotisations de s\u00e9curit\u00e9 sociale, ce qui repr\u00e9sente une \u00e9conomie importante pour les employeurs.\n<br><br>\nDe plus, les retrait\u00e9s b\u00e9n\u00e9ficient g\u00e9n\u00e9ralement d'une grande exp\u00e9rience professionnelle et apportent une expertise pr\u00e9cieuse \u00e0 l'\u00e9quipe, sans avoir besoin d'une formation approfondie.\n<br><br>\nPar ailleurs, en Belgique, les retrait\u00e9s peuvent cumuler leur pension avec les revenus d'une activit\u00e9 professionnelle, ce qui leur permet de compl\u00e9ter leurs revenus tout en restant actifs.\n<br><br>\nEnfin, l'embauche de retrait\u00e9s peut contribuer \u00e0 diversifier le lieu de travail en offrant une perspective diff\u00e9rente et en favorisant un environnement de travail interg\u00e9n\u00e9rationnel, propice \u00e0 l'\u00e9change et \u00e0 la transmission de connaissances.\t\t\t\t\t\t\t\t<\/div>\n\t\t\t\t<\/div>\n\t\t<div class=\"elementor-element elementor-element-8240ea9 e-con-full e-flex e-con e-child\" data-id=\"8240ea9\" data-element_type=\"container\">\n\t\t\t\t<div class=\"elementor-element elementor-element-8288ed9 elementor-widget elementor-widget-image\" data-id=\"8288ed9\" data-element_type=\"widget\" data-widget_type=\"image.default\">\n\t\t\t\t\t\t\t\t\t\t\t\t\t\t\t<img alt=\"\" fetchpriority=\"high\" decoding=\"async\" width=\"660\" height=\"990\" src=\"https:\/\/yakajobs.com\/wp-content\/uploads\/2025\/08\/smiling-mature-businesswoman-on-white-2023-11-27-05-02-13-utc-683x1024.jpg\" class=\"attachment-large size-large wp-image-8757\" srcset=\"https:\/\/yakajobs.com\/wp-content\/uploads\/2025\/08\/smiling-mature-businesswoman-on-white-2023-11-27-05-02-13-utc-683x1024.jpg 683w, https:\/\/yakajobs.com\/wp-content\/uploads\/2025\/08\/smiling-mature-businesswoman-on-white-2023-11-27-05-02-13-utc-200x300.jpg 200w, https:\/\/yakajobs.com\/wp-content\/uploads\/2025\/08\/smiling-mature-businesswoman-on-white-2023-11-27-05-02-13-utc-768x1152.jpg 768w, https:\/\/yakajobs.com\/wp-content\/uploads\/2025\/08\/smiling-mature-businesswoman-on-white-2023-11-27-05-02-13-utc-1024x1536.jpg 1024w, https:\/\/yakajobs.com\/wp-content\/uploads\/2025\/08\/smiling-mature-businesswoman-on-white-2023-11-27-05-02-13-utc-1365x2048.jpg 1365w, https:\/\/yakajobs.com\/wp-content\/uploads\/2025\/08\/smiling-mature-businesswoman-on-white-2023-11-27-05-02-13-utc-600x900.jpg 600w, https:\/\/yakajobs.com\/wp-content\/uploads\/2025\/08\/smiling-mature-businesswoman-on-white-2023-11-27-05-02-13-utc-scaled.jpg 1707w\" sizes=\"(max-width: 660px) 100vw, 660px\" \/>\t\t\t\t\t\t\t\t\t\t\t\t\t\t\t<\/div>\n\t\t\t\t<\/div>\n\t\t\t\t\t<\/div>\n\t\t\t\t<\/div>\n\t\t<div class=\"elementor-element elementor-element-40b6303 e-flex e-con-boxed e-con e-parent\" data-id=\"40b6303\" data-element_type=\"container\" data-settings=\"{&quot;background_background&quot;:&quot;classic&quot;}\">\n\t\t\t\t\t<div class=\"e-con-inner\">\n\t\t\t\t<div class=\"elementor-element elementor-element-6610130 elementor-widget elementor-widget-heading\" data-id=\"6610130\" data-element_type=\"widget\" data-widget_type=\"heading.default\">\n\t\t\t\t\t<h2 class=\"elementor-heading-title elementor-size-default\">Embaucher un retrait\u00e9 par l'interm\u00e9diaire de YAKAJOBS est une situation gagnant-gagnant !<\/h2>\t\t\t\t<\/div>\n\t\t\t\t<div class=\"elementor-element elementor-element-642dfd6 elementor-widget-divider--view-line_icon elementor-widget-divider--element-align-right elementor-view-default elementor-widget elementor-widget-divider\" data-id=\"642dfd6\" data-element_type=\"widget\" data-widget_type=\"divider.default\">\n\t\t\t\t\t\t\t<div class=\"elementor-divider\">\n\t\t\t<span class=\"elementor-divider-separator\">\n\t\t\t\t\t\t\t<div class=\"elementor-icon elementor-divider__element\">\n\t\t\t\t\t<svg aria-hidden=\"true\" class=\"e-font-icon-svg e-fas-circle\" viewbox=\"0 0 512 512\" xmlns=\"http:\/\/www.w3.org\/2000\/svg\"><path d=\"M256 8C119 8 8 119 8 256s111 248 248 248 248-111 248-248S393 8 256 8z\"><\/path><\/svg><\/div>\n\t\t\t\t\t\t<\/span>\n\t\t<\/div>\n\t\t\t\t\t\t<\/div>\n\t\t\t\t\t<\/div>\n\t\t\t\t<\/div>\n\t\t<div class=\"elementor-element elementor-element-077c7ff e-flex e-con-boxed e-con e-parent\" data-id=\"077c7ff\" data-element_type=\"container\" data-settings=\"{&quot;background_background&quot;:&quot;classic&quot;}\">\n\t\t\t\t\t<div class=\"e-con-inner\">\n\t\t<div class=\"elementor-element elementor-element-05e659b e-con-full e-flex e-con e-child\" data-id=\"05e659b\" data-element_type=\"container\">\n\t\t<div class=\"elementor-element elementor-element-fb66cc7 e-con-full e-flex e-con e-child\" data-id=\"fb66cc7\" data-element_type=\"container\" data-settings=\"{&quot;background_background&quot;:&quot;classic&quot;}\">\n\t\t\t\t<div class=\"elementor-element elementor-element-e86bb79 elementor-widget elementor-widget-heading\" data-id=\"e86bb79\" data-element_type=\"widget\" data-widget_type=\"heading.default\">\n\t\t\t\t\t<h2 class=\"elementor-heading-title elementor-size-default\">yakapost<\/h2>\t\t\t\t<\/div>\n\t\t\t\t<div class=\"elementor-element elementor-element-61f4781 elementor-widget elementor-widget-heading\" data-id=\"61f4781\" data-element_type=\"widget\" data-widget_type=\"heading.default\">\n\t\t\t\t\t<h2 class=\"elementor-heading-title elementor-size-default\">CHOISISSEZ VOTRE VOIE<\/h2>\t\t\t\t<\/div>\n\t\t\t\t<div class=\"elementor-element elementor-element-dbe3feb elementor-widget elementor-widget-text-editor\" data-id=\"dbe3feb\" data-element_type=\"widget\" data-widget_type=\"text-editor.default\">\n\t\t\t\t\t\t\t\t\t<p>Entrez en contact avec les meilleurs talents retrait\u00e9s. S\u00e9lectionnez l'option de publication d'offres d'emploi qui r\u00e9pond le mieux \u00e0 vos besoins - choisissez la dur\u00e9e et le prix qui vous conviennent le mieux.<\/p>\t\t\t\t\t\t\t\t<\/div>\n\t\t\t\t<div class=\"elementor-element elementor-element-388b51c elementor-mobile-align-center elementor-align-center elementor-widget elementor-widget-button\" data-id=\"388b51c\" data-element_type=\"widget\" data-widget_type=\"button.default\">\n\t\t\t\t\t\t\t\t\t\t<a class=\"elementor-button elementor-button-link elementor-size-lg elementor-animation-shrink\" href=\"https:\/\/yakajobs.com\/fr\/?page_id=9703\">\n\t\t\t\t\t\t<span class=\"elementor-button-content-wrapper\">\n\t\t\t\t\t\t\t\t\t<span class=\"elementor-button-text\">D\u00c9COUVREZ VOTRE OFFRE <\/span>\n\t\t\t\t\t<\/span>\n\t\t\t\t\t<\/a>\n\t\t\t\t\t\t\t\t<\/div>\n\t\t\t\t<\/div>\n\t\t\t\t<\/div>\n\t\t<div class=\"elementor-element elementor-element-763d0ec e-con-full e-flex e-con e-child\" data-id=\"763d0ec\" data-element_type=\"container\">\n\t\t<div class=\"elementor-element elementor-element-b6110f1 e-con-full e-flex e-con e-child\" data-id=\"b6110f1\" data-element_type=\"container\" data-settings=\"{&quot;background_background&quot;:&quot;classic&quot;}\">\n\t\t\t\t<div class=\"elementor-element elementor-element-04a78f8 elementor-widget elementor-widget-heading\" data-id=\"04a78f8\" data-element_type=\"widget\" data-widget_type=\"heading.default\">\n\t\t\t\t\t<h2 class=\"elementor-heading-title elementor-size-default\">YAKADVICE<\/h2>\t\t\t\t<\/div>\n\t\t\t\t<div class=\"elementor-element elementor-element-487971c elementor-widget elementor-widget-heading\" data-id=\"487971c\" data-element_type=\"widget\" data-widget_type=\"heading.default\">\n\t\t\t\t\t<h2 class=\"elementor-heading-title elementor-size-default\">OFFRE PERSONNALIS\u00c9E (NO CURE, NO PAY)<\/h2>\t\t\t\t<\/div>\n\t\t\t\t<div class=\"elementor-element elementor-element-be25bcb elementor-widget elementor-widget-text-editor\" data-id=\"be25bcb\" data-element_type=\"widget\" data-widget_type=\"text-editor.default\">\n\t\t\t\t\t\t\t\t\t<p>Des conseils sur mesure pour optimiser le recrutement, la pr\u00e9s\u00e9lection et la strat\u00e9gie d'embauche. Nous vous mettrons en relation avec le retrait\u00e9 flexi, le consultant ou l'employ\u00e9 id\u00e9al.<\/p>\t\t\t\t\t\t\t\t<\/div>\n\t\t\t\t<div class=\"elementor-element elementor-element-0322e9e elementor-mobile-align-center elementor-align-center elementor-widget elementor-widget-button\" data-id=\"0322e9e\" data-element_type=\"widget\" data-widget_type=\"button.default\">\n\t\t\t\t\t\t\t\t\t\t<a class=\"elementor-button elementor-button-link elementor-size-lg elementor-animation-shrink\" href=\"https:\/\/yakajobs.com\/fr\/?page_id=9504\">\n\t\t\t\t\t\t<span class=\"elementor-button-content-wrapper\">\n\t\t\t\t\t\t\t\t\t<span class=\"elementor-button-text\">COMMEN\u00c7ONS<\/span>\n\t\t\t\t\t<\/span>\n\t\t\t\t\t<\/a>\n\t\t\t\t\t\t\t\t<\/div>\n\t\t\t\t<\/div>\n\t\t\t\t<\/div>\n\t\t\t\t\t<\/div>\n\t\t\t\t<\/div>\n\t\t\t\t<\/div>","protected":false},"excerpt":{"rendered":"<p>Why hire a retiree? Hiring a retiree in Belgium, whatever their status, offers a number of legal advantages for all companies. Firstly, retirees can be hired without having to pay social security contributions, which represents a significant saving for employers. What\u2019s more, retirees generally benefit from a wealth of professional experience and bring valuable expertise [&hellip;]<\/p>\n","protected":false},"author":1,"featured_media":0,"parent":0,"menu_order":0,"comment_status":"closed","ping_status":"closed","template":"elementor_header_footer","meta":{"_seopress_robots_primary_cat":"","_seopress_titles_title":"","_seopress_titles_desc":"","_seopress_robots_index":"","footnotes":""},"class_list":["post-9474","page","type-page","status-publish","hentry"],"jetpack_sharing_enabled":true,"_links":{"self":[{"href":"https:\/\/yakajobs.com\/fr\/wp-json\/wp\/v2\/pages\/9474","targetHints":{"allow":["GET"]}}],"collection":[{"href":"https:\/\/yakajobs.com\/fr\/wp-json\/wp\/v2\/pages"}],"about":[{"href":"https:\/\/yakajobs.com\/fr\/wp-json\/wp\/v2\/types\/page"}],"author":[{"embeddable":true,"href":"https:\/\/yakajobs.com\/fr\/wp-json\/wp\/v2\/users\/1"}],"replies":[{"embeddable":true,"href":"https:\/\/yakajobs.com\/fr\/wp-json\/wp\/v2\/comments?post=9474"}],"version-history":[{"count":72,"href":"https:\/\/yakajobs.com\/fr\/wp-json\/wp\/v2\/pages\/9474\/revisions"}],"predecessor-version":[{"id":10502,"href":"https:\/\/yakajobs.com\/fr\/wp-json\/wp\/v2\/pages\/9474\/revisions\/10502"}],"wp:attachment":[{"href":"https:\/\/yakajobs.com\/fr\/wp-json\/wp\/v2\/media?parent=9474"}],"curies":[{"name":"wp","href":"https:\/\/api.w.org\/{rel}","templated":true}]}}