{"id":9569,"date":"2025-09-03T22:54:39","date_gmt":"2025-09-03T22:54:39","guid":{"rendered":"https:\/\/bd.karachifurniture.com\/?page_id=9569"},"modified":"2026-01-05T10:57:55","modified_gmt":"2026-01-05T10:57:55","slug":"about-us","status":"publish","type":"page","link":"https:\/\/yakajobs.com\/fr\/about-us\/","title":{"rendered":"About us"},"content":{"rendered":"<div data-elementor-type=\"wp-page\" data-elementor-id=\"9569\" class=\"elementor elementor-9569\" data-elementor-post-type=\"page\">\n\t\t\t\t<div class=\"elementor-element elementor-element-5c3dc55 e-flex e-con-boxed e-con e-parent\" data-id=\"5c3dc55\" data-element_type=\"container\">\n\t\t\t\t\t<div class=\"e-con-inner\">\n\t\t<div class=\"elementor-element elementor-element-da92338 e-con-full e-flex e-con e-child\" data-id=\"da92338\" data-element_type=\"container\">\n\t\t\t\t<div class=\"elementor-element elementor-element-5656b3a elementor-widget__width-initial elementor-widget elementor-widget-heading\" data-id=\"5656b3a\" data-element_type=\"widget\" data-widget_type=\"heading.default\">\n\t\t\t\t\t<h2 class=\"elementor-heading-title elementor-size-default\">Les retrait\u00e9s : une p\u00e9pite n\u00e9glig\u00e9e, une opportunit\u00e9 \u00e0 exploiter !<\/h2>\t\t\t\t<\/div>\n\t\t\t\t<div class=\"elementor-element elementor-element-e2f67c3 elementor-widget elementor-widget-text-editor\" data-id=\"e2f67c3\" data-element_type=\"widget\" data-widget_type=\"text-editor.default\">\n\t\t\t\t\t\t\t\t\t<p>Aujourd'hui, travailler apr\u00e8s la retraite n'est plus seulement une option, c'est devenu une n\u00e9cessit\u00e9, voire un atout majeur pour la soci\u00e9t\u00e9. Il est ind\u00e9niable que\u00a0<strong>nos seniors poss\u00e8dent un tr\u00e9sor de savoir-faire, d'exp\u00e9rience et de comp\u00e9tences acquis au fil des ans<\/strong>. C'est pourquoi il est essentiel de reconna\u00eetre la valeur inestimable de leur contribution permanente au monde professionnel.<br \/><br \/>Chez YAKAJOBS, nous croyons fermement que nos a\u00een\u00e9s ont un r\u00f4le crucial \u00e0 jouer, et c'est pourquoi nous avons mis en place une plateforme d\u00e9di\u00e9e \u00e0 cette cause.<br \/><br \/>YAKAJOBS est bien plus qu'une simple plateforme de mise en r\u00e9seau d'entreprises. C'est une communaut\u00e9 o\u00f9 les retrait\u00e9s peuvent trouver des opportunit\u00e9s de travail en tant que consultants ou employ\u00e9s, que ce soit pour quelques jours par mois ou de mani\u00e8re plus r\u00e9guli\u00e8re. Notre objectif est de cr\u00e9er un espace o\u00f9 les entreprises \u00e0 la recherche de comp\u00e9tences sp\u00e9cifiques peuvent rencontrer des retrait\u00e9s d\u00e9sireux de mettre leur expertise au service de projets passionnants.<\/p>\t\t\t\t\t\t\t\t<\/div>\n\t\t\t\t<div class=\"elementor-element elementor-element-acacfa4 elementor-widget elementor-widget-button\" data-id=\"acacfa4\" data-element_type=\"widget\" data-widget_type=\"button.default\">\n\t\t\t\t\t\t\t\t\t\t<a class=\"elementor-button elementor-button-link elementor-size-lg elementor-animation-shrink\" href=\"https:\/\/yakajobs.com\/fr\/login-register\/\">\n\t\t\t\t\t\t<span class=\"elementor-button-content-wrapper\">\n\t\t\t\t\t\t\t\t\t<span class=\"elementor-button-text\">Rejoignez notre communaut\u00e9 YAKA<\/span>\n\t\t\t\t\t<\/span>\n\t\t\t\t\t<\/a>\n\t\t\t\t\t\t\t\t<\/div>\n\t\t\t\t<\/div>\n\t\t<div class=\"elementor-element elementor-element-d347c33 e-con-full e-flex e-con e-child\" data-id=\"d347c33\" data-element_type=\"container\">\n\t\t\t\t<div class=\"elementor-element elementor-element-59028cd elementor-widget elementor-widget-image\" data-id=\"59028cd\" data-element_type=\"widget\" data-widget_type=\"image.default\">\n\t\t\t\t\t\t\t\t\t\t\t\t\t\t\t<img alt=\"\" fetchpriority=\"high\" decoding=\"async\" width=\"660\" height=\"440\" src=\"https:\/\/yakajobs.com\/wp-content\/uploads\/2025\/08\/happy-elderly-female-in-festive-clothes-holds-bun-2023-11-27-04-54-27-utc-1024x683.jpg\" class=\"attachment-large size-large wp-image-8718\" srcset=\"https:\/\/yakajobs.com\/wp-content\/uploads\/2025\/08\/happy-elderly-female-in-festive-clothes-holds-bun-2023-11-27-04-54-27-utc-1024x683.jpg 1024w, https:\/\/yakajobs.com\/wp-content\/uploads\/2025\/08\/happy-elderly-female-in-festive-clothes-holds-bun-2023-11-27-04-54-27-utc-300x200.jpg 300w, https:\/\/yakajobs.com\/wp-content\/uploads\/2025\/08\/happy-elderly-female-in-festive-clothes-holds-bun-2023-11-27-04-54-27-utc-768x512.jpg 768w, https:\/\/yakajobs.com\/wp-content\/uploads\/2025\/08\/happy-elderly-female-in-festive-clothes-holds-bun-2023-11-27-04-54-27-utc-1536x1024.jpg 1536w, https:\/\/yakajobs.com\/wp-content\/uploads\/2025\/08\/happy-elderly-female-in-festive-clothes-holds-bun-2023-11-27-04-54-27-utc-2048x1365.jpg 2048w, https:\/\/yakajobs.com\/wp-content\/uploads\/2025\/08\/happy-elderly-female-in-festive-clothes-holds-bun-2023-11-27-04-54-27-utc-600x400.jpg 600w\" sizes=\"(max-width: 660px) 100vw, 660px\" \/>\t\t\t\t\t\t\t\t\t\t\t\t\t\t\t<\/div>\n\t\t\t\t<\/div>\n\t\t\t\t\t<\/div>\n\t\t\t\t<\/div>\n\t\t\t\t<section class=\"elementor-section elementor-top-section elementor-element elementor-element-d19856c elementor-section-stretched elementor-section-boxed elementor-section-height-default elementor-section-height-default\" data-id=\"d19856c\" data-element_type=\"section\" data-settings=\"{&quot;stretch_section&quot;:&quot;section-stretched&quot;,&quot;background_background&quot;:&quot;classic&quot;}\">\n\t\t\t\t\t\t<div class=\"elementor-container elementor-column-gap-extended\">\n\t\t\t\t\t<div class=\"elementor-column elementor-col-100 elementor-top-column elementor-element elementor-element-483992a elementor-invisible\" data-id=\"483992a\" data-element_type=\"column\" data-settings=\"{&quot;animation&quot;:&quot;slide-up&quot;}\">\n\t\t\t<div class=\"elementor-widget-wrap elementor-element-populated\">\n\t\t\t\t\t\t<div class=\"elementor-element elementor-element-65d56ff elementor-widget elementor-widget-heading\" data-id=\"65d56ff\" data-element_type=\"widget\" data-widget_type=\"heading.default\">\n\t\t\t\t\t<h2 class=\"elementor-heading-title elementor-size-default\"><b>YAKABLOG<\/b><\/h2>\t\t\t\t<\/div>\n\t\t\t\t<div class=\"elementor-element elementor-element-e1bdc99 elementor-widget-divider--view-line_icon elementor-widget-divider--element-align-right elementor-view-default elementor-widget elementor-widget-divider\" data-id=\"e1bdc99\" data-element_type=\"widget\" data-widget_type=\"divider.default\">\n\t\t\t\t\t\t\t<div class=\"elementor-divider\">\n\t\t\t<span class=\"elementor-divider-separator\">\n\t\t\t\t\t\t\t<div class=\"elementor-icon elementor-divider__element\">\n\t\t\t\t\t<svg aria-hidden=\"true\" class=\"e-font-icon-svg e-fas-circle\" viewbox=\"0 0 512 512\" xmlns=\"http:\/\/www.w3.org\/2000\/svg\"><path d=\"M256 8C119 8 8 119 8 256s111 248 248 248 248-111 248-248S393 8 256 8z\"><\/path><\/svg><\/div>\n\t\t\t\t\t\t<\/span>\n\t\t<\/div>\n\t\t\t\t\t\t<\/div>\n\t\t\t\t<div class=\"elementor-element elementor-element-1f5ec33 elementor-widget elementor-widget-text-editor\" data-id=\"1f5ec33\" data-element_type=\"widget\" data-widget_type=\"text-editor.default\">\n\t\t\t\t\t\t\t\t\t<p>D\u00e9couvrez tout ce que vous devez savoir, en tant qu\u2019employeur, sur le travail flexible pour les seniors.<\/p>\t\t\t\t\t\t\t\t<\/div>\n\t\t\t\t\t<\/div>\n\t\t<\/div>\n\t\t\t\t\t<\/div>\n\t\t<\/section>\n\t\t\t\t<section class=\"elementor-section elementor-top-section elementor-element elementor-element-146b2b0 elementor-section-stretched elementor-section-boxed elementor-section-height-default elementor-section-height-default\" data-id=\"146b2b0\" data-element_type=\"section\" data-settings=\"{&quot;stretch_section&quot;:&quot;section-stretched&quot;,&quot;background_background&quot;:&quot;classic&quot;}\">\n\t\t\t\t\t\t<div class=\"elementor-container elementor-column-gap-extended\">\n\t\t\t\t\t<div class=\"elementor-column elementor-col-100 elementor-top-column elementor-element elementor-element-0e19612\" data-id=\"0e19612\" data-element_type=\"column\">\n\t\t\t<div class=\"elementor-widget-wrap elementor-element-populated\">\n\t\t\t\t\t\t<div class=\"elementor-element elementor-element-5031ca9 elementor-invisible elementor-widget elementor-widget-apus_element_posts\" data-id=\"5031ca9\" data-element_type=\"widget\" data-settings=\"{&quot;_animation&quot;:&quot;slide-up&quot;}\" data-widget_type=\"apus_element_posts.default\">\n\t\t\t\t<div class=\"elementor-widget-container\">\n\t\t\t\t\t            <div class=\"widget-blogs\">\n                                <div class=\"widget-content\">\n\n                                            <div class=\"slick-carousel\" data-items=\"3\" data-smallmedium=\"2\" data-extrasmall=\"1\" data-pagination=\"false\" data-nav=\"true\">\n                                                            <div class=\"item\">\n                                    <article class=\"post post-layout post-grid-v2 post-9414 type-post status-publish format-standard has-post-thumbnail hentry category-retirement\">\n            <div class=\"top-image\">\n            <figure class=\"entry-thumb\"><a class=\"post-thumbnail\" href=\"https:\/\/yakajobs.com\/fr\/our-retirees-at-work-the-many-advantages-of-returning-to-working-life-after-retirement\/\" aria-hidden=\"true\"><div class=\"image-wrapper\"><img decoding=\"async\" width=\"410\" height=\"260\" src=\"data:image\/svg+xml;charset=utf-8,%3Csvg%20xmlns%3D&#039;http%3A%2F%2Fwww.w3.org%2F2000%2Fsvg&#039;%20viewBox%3D&#039;0%200%20410%20260&#039;%2F%3E\" class=\"attachment-410x260x1x1 size-410x260x1x1 unveil-image\" alt=\"\" data-src=\"https:\/\/yakajobs.com\/wp-content\/uploads\/elementor\/thumbs\/administration-business-management-2-scaled-rbmhed3izgng4v9l8lemqrg6c7xg4hb236wxddj2js.jpg\" \/><\/div><\/a><\/figure>         <\/div>\n        <div class=\"inner-bottom\">\n        <div class=\"top-info\">\n            <div class=\"date\">\n                3 septembre 2025            <\/div>\n            <div class=\"comments\">\n                0 Commentaires            <\/div>\n        <\/div>\n                    <h4 class=\"entry-title\">\n                <a href=\"https:\/\/yakajobs.com\/fr\/our-retirees-at-work-the-many-advantages-of-returning-to-working-life-after-retirement\/\">Les nombreux avantages du retour \u00e0 la vie active apr\u00e8s la retraite<\/a>\n            <\/h4>\n            <\/div>\n<\/article>                                <\/div>\n                                                            <div class=\"item\">\n                                    <article class=\"post post-layout post-grid-v2 post-9411 type-post status-publish format-standard has-post-thumbnail hentry category-retirement\">\n            <div class=\"top-image\">\n            <figure class=\"entry-thumb\"><a class=\"post-thumbnail\" href=\"https:\/\/yakajobs.com\/fr\/retirement-age-and-conditions-from-2024-in-belgium\/\" aria-hidden=\"true\"><div class=\"image-wrapper\"><img decoding=\"async\" width=\"410\" height=\"260\" src=\"data:image\/svg+xml;charset=utf-8,%3Csvg%20xmlns%3D&#039;http%3A%2F%2Fwww.w3.org%2F2000%2Fsvg&#039;%20viewBox%3D&#039;0%200%20410%20260&#039;%2F%3E\" class=\"attachment-410x260x1x1 size-410x260x1x1 unveil-image\" alt=\"\" data-src=\"https:\/\/yakajobs.com\/wp-content\/uploads\/elementor\/thumbs\/administration-business-management-1-scaled-rbmhed3izgng4v9l8lemqrg6c7xg4hb236wxddj2js.jpg\" \/><\/div><\/a><\/figure>         <\/div>\n        <div class=\"inner-bottom\">\n        <div class=\"top-info\">\n            <div class=\"date\">\n                3 septembre 2025            <\/div>\n            <div class=\"comments\">\n                0 Commentaires            <\/div>\n        <\/div>\n                    <h4 class=\"entry-title\">\n                <a href=\"https:\/\/yakajobs.com\/fr\/retirement-age-and-conditions-from-2024-in-belgium\/\">\u00c2ge et conditions de d\u00e9part \u00e0 la retraite \u00e0 partir de 2024 en Belgique<\/a>\n            <\/h4>\n            <\/div>\n<\/article>                                <\/div>\n                                                            <div class=\"item\">\n                                    <article class=\"post post-layout post-grid-v2 post-9408 type-post status-publish format-standard has-post-thumbnail hentry category-enterprise\">\n            <div class=\"top-image\">\n            <figure class=\"entry-thumb\"><a class=\"post-thumbnail\" href=\"https:\/\/yakajobs.com\/fr\/the-advantages-of-employing-retirees-a-new-paradigm\/\" aria-hidden=\"true\"><div class=\"image-wrapper\"><img loading=\"lazy\" decoding=\"async\" width=\"410\" height=\"260\" src=\"data:image\/svg+xml;charset=utf-8,%3Csvg%20xmlns%3D&#039;http%3A%2F%2Fwww.w3.org%2F2000%2Fsvg&#039;%20viewBox%3D&#039;0%200%20410%20260&#039;%2F%3E\" class=\"attachment-410x260x1x1 size-410x260x1x1 unveil-image\" alt=\"\" data-src=\"https:\/\/yakajobs.com\/wp-content\/uploads\/elementor\/thumbs\/administration-business-management-scaled-rbmhec5osmm5t9aye30069opqu22ws7br29fw3kgq0.jpg\" \/><\/div><\/a><\/figure>         <\/div>\n        <div class=\"inner-bottom\">\n        <div class=\"top-info\">\n            <div class=\"date\">\n                3 septembre 2025            <\/div>\n            <div class=\"comments\">\n                0 Commentaires            <\/div>\n        <\/div>\n                    <h4 class=\"entry-title\">\n                <a href=\"https:\/\/yakajobs.com\/fr\/the-advantages-of-employing-retirees-a-new-paradigm\/\">Les avantages de l'emploi des retrait\u00e9s - un nouveau paradigme<\/a>\n            <\/h4>\n            <\/div>\n<\/article>                                <\/div>\n                                                            <div class=\"item\">\n                                    <article class=\"post post-layout post-grid-v2 post-2466 type-post status-publish format-standard has-post-thumbnail hentry category-interview tag-app tag-design tag-travel\">\n            <div class=\"top-image\">\n            <figure class=\"entry-thumb\"><a class=\"post-thumbnail\" href=\"https:\/\/yakajobs.com\/fr\/the-evening-of-the-holiday\/\" aria-hidden=\"true\"><div class=\"image-wrapper\"><img loading=\"lazy\" decoding=\"async\" width=\"410\" height=\"260\" src=\"data:image\/svg+xml;charset=utf-8,%3Csvg%20xmlns%3D&#039;http%3A%2F%2Fwww.w3.org%2F2000%2Fsvg&#039;%20viewBox%3D&#039;0%200%20410%20260&#039;%2F%3E\" class=\"attachment-410x260x1x1 size-410x260x1x1 unveil-image\" alt=\"\" data-src=\"https:\/\/yakajobs.com\/wp-content\/uploads\/elementor\/thumbs\/shutterstock_1498236197.optimal-rbmhe7ghugfq77hs5iyvbsverwp8uaoo2f00hprfl4.jpg\" \/><\/div><\/a><\/figure>         <\/div>\n        <div class=\"inner-bottom\">\n        <div class=\"top-info\">\n            <div class=\"date\">\n                27 avril 2025            <\/div>\n            <div class=\"comments\">\n                0 Commentaires            <\/div>\n        <\/div>\n                    <h4 class=\"entry-title\">\n                <a href=\"https:\/\/yakajobs.com\/fr\/the-evening-of-the-holiday\/\">Rester actif et engag\u00e9 apr\u00e8s la retraite<\/a>\n            <\/h4>\n            <\/div>\n<\/article>                                <\/div>\n                                                            <div class=\"item\">\n                                    <article class=\"post post-layout post-grid-v2 post-63 type-post status-publish format-standard has-post-thumbnail hentry category-retirement\">\n            <div class=\"top-image\">\n            <figure class=\"entry-thumb\"><a class=\"post-thumbnail\" href=\"https:\/\/yakajobs.com\/fr\/attract-sales-and-profits\/\" aria-hidden=\"true\"><div class=\"image-wrapper\"><img loading=\"lazy\" decoding=\"async\" width=\"410\" height=\"260\" src=\"data:image\/svg+xml;charset=utf-8,%3Csvg%20xmlns%3D&#039;http%3A%2F%2Fwww.w3.org%2F2000%2Fsvg&#039;%20viewBox%3D&#039;0%200%20410%20260&#039;%2F%3E\" class=\"attachment-410x260x1x1 size-410x260x1x1 unveil-image\" alt=\"\" data-src=\"https:\/\/yakajobs.com\/wp-content\/uploads\/elementor\/thumbs\/istockphoto-1358965099-612x612-1-rbmhe8ec1ah0itgf01dhwamvdakm1zseejnhyzq1ew.jpg\" \/><\/div><\/a><\/figure>         <\/div>\n        <div class=\"inner-bottom\">\n        <div class=\"top-info\">\n            <div class=\"date\">\n                26 avril 2025            <\/div>\n            <div class=\"comments\">\n                0 Commentaires            <\/div>\n        <\/div>\n                    <h4 class=\"entry-title\">\n                <a href=\"https:\/\/yakajobs.com\/fr\/attract-sales-and-profits\/\">Pourquoi la retraite ne signifie pas la fin de votre carri\u00e8re<\/a>\n            <\/h4>\n            <\/div>\n<\/article>                                <\/div>\n                                                            <div class=\"item\">\n                                    <article class=\"post post-layout post-grid-v2 post-51 type-post status-publish format-standard has-post-thumbnail hentry category-retirement tag-app tag-design tag-digital\">\n            <div class=\"top-image\">\n            <figure class=\"entry-thumb\"><a class=\"post-thumbnail\" href=\"https:\/\/yakajobs.com\/fr\/5-tips-for-your-job-interviews\/\" aria-hidden=\"true\"><div class=\"image-wrapper\"><img loading=\"lazy\" decoding=\"async\" width=\"410\" height=\"260\" src=\"data:image\/svg+xml;charset=utf-8,%3Csvg%20xmlns%3D&#039;http%3A%2F%2Fwww.w3.org%2F2000%2Fsvg&#039;%20viewBox%3D&#039;0%200%20410%20260&#039;%2F%3E\" class=\"attachment-410x260x1x1 size-410x260x1x1 unveil-image\" alt=\"\" data-src=\"https:\/\/yakajobs.com\/wp-content\/uploads\/elementor\/thumbs\/istockphoto-1316202270-612x612-1-rbmhec5osmm5t9aye30069opqu22ws7br29fw3kgq0.jpg\" \/><\/div><\/a><\/figure>         <\/div>\n        <div class=\"inner-bottom\">\n        <div class=\"top-info\">\n            <div class=\"date\">\n                26 avril 2025            <\/div>\n            <div class=\"comments\">\n                0 Commentaires            <\/div>\n        <\/div>\n                    <h4 class=\"entry-title\">\n                <a href=\"https:\/\/yakajobs.com\/fr\/5-tips-for-your-job-interviews\/\">Les avantages de l'embauche de retrait\u00e9s pour votre entreprise<\/a>\n            <\/h4>\n            <\/div>\n<\/article>                                <\/div>\n                                                    <\/div>\n                    \n                                    <\/div>\n            <\/div>\n            \t\t\t\t<\/div>\n\t\t\t\t<\/div>\n\t\t\t\t\t<\/div>\n\t\t<\/div>\n\t\t\t\t\t<\/div>\n\t\t<\/section>\n\t\t\t\t<\/div>","protected":false},"excerpt":{"rendered":"<p>Retirees: an overlooked nugget, an opportunity to be exploited! Today, working after retirement is no longer just an option, it\u2019s become a necessity, and even a major asset for society. There\u2019s no denying that\u00a0our seniors possess a treasure trove of know-how, experience and skills acquired over the years. That\u2019s why it\u2019s essential to recognize the [&hellip;]<\/p>\n","protected":false},"author":1,"featured_media":0,"parent":0,"menu_order":0,"comment_status":"closed","ping_status":"closed","template":"elementor_header_footer","meta":{"_seopress_robots_primary_cat":"","_seopress_titles_title":"","_seopress_titles_desc":"","_seopress_robots_index":"","footnotes":""},"class_list":["post-9569","page","type-page","status-publish","hentry"],"jetpack_sharing_enabled":true,"_links":{"self":[{"href":"https:\/\/yakajobs.com\/fr\/wp-json\/wp\/v2\/pages\/9569","targetHints":{"allow":["GET"]}}],"collection":[{"href":"https:\/\/yakajobs.com\/fr\/wp-json\/wp\/v2\/pages"}],"about":[{"href":"https:\/\/yakajobs.com\/fr\/wp-json\/wp\/v2\/types\/page"}],"author":[{"embeddable":true,"href":"https:\/\/yakajobs.com\/fr\/wp-json\/wp\/v2\/users\/1"}],"replies":[{"embeddable":true,"href":"https:\/\/yakajobs.com\/fr\/wp-json\/wp\/v2\/comments?post=9569"}],"version-history":[{"count":19,"href":"https:\/\/yakajobs.com\/fr\/wp-json\/wp\/v2\/pages\/9569\/revisions"}],"predecessor-version":[{"id":10504,"href":"https:\/\/yakajobs.com\/fr\/wp-json\/wp\/v2\/pages\/9569\/revisions\/10504"}],"wp:attachment":[{"href":"https:\/\/yakajobs.com\/fr\/wp-json\/wp\/v2\/media?parent=9569"}],"curies":[{"name":"wp","href":"https:\/\/api.w.org\/{rel}","templated":true}]}}