{"id":9714,"date":"2025-09-04T05:29:49","date_gmt":"2025-09-04T05:29:49","guid":{"rendered":"https:\/\/bd.karachifurniture.com\/?page_id=9714"},"modified":"2025-09-17T11:49:32","modified_gmt":"2025-09-17T11:49:32","slug":"yakaclub","status":"publish","type":"page","link":"https:\/\/yakajobs.com\/fr\/yakaclub\/","title":{"rendered":"Yakaclub"},"content":{"rendered":"<div data-elementor-type=\"wp-page\" data-elementor-id=\"9714\" class=\"elementor elementor-9714\" data-elementor-post-type=\"page\">\n\t\t\t\t<div class=\"elementor-element elementor-element-c062220 e-flex e-con-boxed e-con e-parent\" data-id=\"c062220\" data-element_type=\"container\">\n\t\t\t\t\t<div class=\"e-con-inner\">\n\t\t<div class=\"elementor-element elementor-element-51940fe e-con-full e-flex e-con e-child\" data-id=\"51940fe\" data-element_type=\"container\">\n\t\t\t\t<div class=\"elementor-element elementor-element-d73e2c8 elementor-widget__width-initial elementor-widget elementor-widget-heading\" data-id=\"d73e2c8\" data-element_type=\"widget\" data-widget_type=\"heading.default\">\n\t\t\t\t\t<h2 class=\"elementor-heading-title elementor-size-default\">Rejoindre le YAKACLUB<\/h2>\t\t\t\t<\/div>\n\t\t\t\t<div class=\"elementor-element elementor-element-c4cea34 elementor-widget__width-initial elementor-widget elementor-widget-heading\" data-id=\"c4cea34\" data-element_type=\"widget\" data-widget_type=\"heading.default\">\n\t\t\t\t\t<h2 class=\"elementor-heading-title elementor-size-default\">Notre communaut\u00e9 b\u00e9n\u00e9ficiera bient\u00f4t de nombreux avantages<\/h2>\t\t\t\t<\/div>\n\t\t\t\t<div class=\"elementor-element elementor-element-9b8a42b elementor-widget elementor-widget-text-editor\" data-id=\"9b8a42b\" data-element_type=\"widget\" data-widget_type=\"text-editor.default\">\n\t\t\t\t\t\t\t\t\t<p>YAKAJOBS ne s'arr\u00eate pas l\u00e0. Nous reconnaissons que nos a\u00een\u00e9s m\u00e9ritent plus que de simples opportunit\u00e9s d'emploi...<\/p><p>C'est pourquoi notre plateforme offre \u00e9galement toute une s\u00e9rie d'avantages exclusifs aux YAKA (membres) de notre communaut\u00e9. Des ch\u00e8ques-cadeaux et autres avantages aux conseils et astuces pour profiter au mieux de sa retraite, notre \u00e9quipe est l\u00e0 pour accompagner nos YAKA \u00e0 chaque \u00e9tape de leur parcours professionnel et personnel.<\/p>\t\t\t\t\t\t\t\t<\/div>\n\t\t\t\t<div class=\"elementor-element elementor-element-10a9ff2 elementor-widget elementor-widget-button\" data-id=\"10a9ff2\" data-element_type=\"widget\" data-widget_type=\"button.default\">\n\t\t\t\t\t\t\t\t\t\t<a class=\"elementor-button elementor-button-link elementor-size-lg elementor-animation-shrink\" href=\"https:\/\/yakajobs.com\/fr\/?page_id=154\">\n\t\t\t\t\t\t<span class=\"elementor-button-content-wrapper\">\n\t\t\t\t\t\t\t\t\t<span class=\"elementor-button-text\">Rejoignez-nous bient\u00f4t et d\u00e9couvrez notre communaut\u00e9 YAKA<\/span>\n\t\t\t\t\t<\/span>\n\t\t\t\t\t<\/a>\n\t\t\t\t\t\t\t\t<\/div>\n\t\t\t\t<\/div>\n\t\t<div class=\"elementor-element elementor-element-2ccd554 e-con-full e-flex e-con e-child\" data-id=\"2ccd554\" data-element_type=\"container\">\n\t\t\t\t<div class=\"elementor-element elementor-element-ff2b6e9 elementor-widget elementor-widget-image\" data-id=\"ff2b6e9\" data-element_type=\"widget\" data-widget_type=\"image.default\">\n\t\t\t\t\t\t\t\t\t\t\t\t\t\t\t<img alt=\"\" fetchpriority=\"high\" decoding=\"async\" width=\"660\" height=\"990\" src=\"https:\/\/yakajobs.com\/wp-content\/uploads\/2025\/08\/smiling-stylish-senior-woman-looking-at-cheerful-s-2023-11-27-05-31-11-utc-683x1024.jpg\" class=\"attachment-large size-large wp-image-8758\" srcset=\"https:\/\/yakajobs.com\/wp-content\/uploads\/2025\/08\/smiling-stylish-senior-woman-looking-at-cheerful-s-2023-11-27-05-31-11-utc-683x1024.jpg 683w, https:\/\/yakajobs.com\/wp-content\/uploads\/2025\/08\/smiling-stylish-senior-woman-looking-at-cheerful-s-2023-11-27-05-31-11-utc-200x300.jpg 200w, https:\/\/yakajobs.com\/wp-content\/uploads\/2025\/08\/smiling-stylish-senior-woman-looking-at-cheerful-s-2023-11-27-05-31-11-utc-768x1151.jpg 768w, https:\/\/yakajobs.com\/wp-content\/uploads\/2025\/08\/smiling-stylish-senior-woman-looking-at-cheerful-s-2023-11-27-05-31-11-utc-1025x1536.jpg 1025w, https:\/\/yakajobs.com\/wp-content\/uploads\/2025\/08\/smiling-stylish-senior-woman-looking-at-cheerful-s-2023-11-27-05-31-11-utc-1367x2048.jpg 1367w, https:\/\/yakajobs.com\/wp-content\/uploads\/2025\/08\/smiling-stylish-senior-woman-looking-at-cheerful-s-2023-11-27-05-31-11-utc-600x899.jpg 600w, https:\/\/yakajobs.com\/wp-content\/uploads\/2025\/08\/smiling-stylish-senior-woman-looking-at-cheerful-s-2023-11-27-05-31-11-utc-scaled.jpg 1709w\" sizes=\"(max-width: 660px) 100vw, 660px\" \/>\t\t\t\t\t\t\t\t\t\t\t\t\t\t\t<\/div>\n\t\t\t\t<\/div>\n\t\t\t\t\t<\/div>\n\t\t\t\t<\/div>\n\t\t<div class=\"elementor-element elementor-element-42bf240 e-flex e-con-boxed e-con e-parent\" data-id=\"42bf240\" data-element_type=\"container\">\n\t\t\t\t\t<div class=\"e-con-inner\">\n\t\t<div class=\"elementor-element elementor-element-2d00eee e-con-full e-flex e-con e-child\" data-id=\"2d00eee\" data-element_type=\"container\">\n\t\t\t\t<div class=\"elementor-element elementor-element-9f6d3de elementor-widget-divider--view-line_icon elementor-widget-divider--element-align-right elementor-view-default elementor-widget elementor-widget-divider\" data-id=\"9f6d3de\" data-element_type=\"widget\" data-widget_type=\"divider.default\">\n\t\t\t\t\t\t\t<div class=\"elementor-divider\">\n\t\t\t<span class=\"elementor-divider-separator\">\n\t\t\t\t\t\t\t<div class=\"elementor-icon elementor-divider__element\">\n\t\t\t\t\t<svg aria-hidden=\"true\" class=\"e-font-icon-svg e-fas-circle\" viewbox=\"0 0 512 512\" xmlns=\"http:\/\/www.w3.org\/2000\/svg\"><path d=\"M256 8C119 8 8 119 8 256s111 248 248 248 248-111 248-248S393 8 256 8z\"><\/path><\/svg><\/div>\n\t\t\t\t\t\t<\/span>\n\t\t<\/div>\n\t\t\t\t\t\t<\/div>\n\t\t\t\t<\/div>\n\t\t\t\t\t<\/div>\n\t\t\t\t<\/div>\n\t\t<div class=\"elementor-element elementor-element-1c8b405 e-flex e-con-boxed e-con e-parent\" data-id=\"1c8b405\" data-element_type=\"container\">\n\t\t\t\t\t<div class=\"e-con-inner\">\n\t\t<div class=\"elementor-element elementor-element-101c954 e-con-full e-flex e-con e-child\" data-id=\"101c954\" data-element_type=\"container\" data-settings=\"{&quot;background_background&quot;:&quot;classic&quot;}\">\n\t\t\t\t<div class=\"elementor-element elementor-element-680afcc elementor-widget elementor-widget-image\" data-id=\"680afcc\" data-element_type=\"widget\" data-widget_type=\"image.default\">\n\t\t\t\t\t\t\t\t\t\t\t\t\t\t\t<img alt=\"\" decoding=\"async\" width=\"660\" height=\"825\" src=\"https:\/\/yakajobs.com\/wp-content\/uploads\/2025\/08\/excited-mature-man-holding-shopping-bags-at-studio-2023-11-27-05-19-31-utc-819x1024.jpg\" class=\"attachment-large size-large wp-image-8748\" srcset=\"https:\/\/yakajobs.com\/wp-content\/uploads\/2025\/08\/excited-mature-man-holding-shopping-bags-at-studio-2023-11-27-05-19-31-utc-819x1024.jpg 819w, https:\/\/yakajobs.com\/wp-content\/uploads\/2025\/08\/excited-mature-man-holding-shopping-bags-at-studio-2023-11-27-05-19-31-utc-240x300.jpg 240w, https:\/\/yakajobs.com\/wp-content\/uploads\/2025\/08\/excited-mature-man-holding-shopping-bags-at-studio-2023-11-27-05-19-31-utc-768x960.jpg 768w, https:\/\/yakajobs.com\/wp-content\/uploads\/2025\/08\/excited-mature-man-holding-shopping-bags-at-studio-2023-11-27-05-19-31-utc-1229x1536.jpg 1229w, https:\/\/yakajobs.com\/wp-content\/uploads\/2025\/08\/excited-mature-man-holding-shopping-bags-at-studio-2023-11-27-05-19-31-utc-1638x2048.jpg 1638w, https:\/\/yakajobs.com\/wp-content\/uploads\/2025\/08\/excited-mature-man-holding-shopping-bags-at-studio-2023-11-27-05-19-31-utc-600x750.jpg 600w, https:\/\/yakajobs.com\/wp-content\/uploads\/2025\/08\/excited-mature-man-holding-shopping-bags-at-studio-2023-11-27-05-19-31-utc-scaled.jpg 2048w\" sizes=\"(max-width: 660px) 100vw, 660px\" \/>\t\t\t\t\t\t\t\t\t\t\t\t\t\t\t<\/div>\n\t\t\t\t<\/div>\n\t\t<div class=\"elementor-element elementor-element-23edc2b e-con-full e-flex e-con e-child\" data-id=\"23edc2b\" data-element_type=\"container\">\n\t\t\t\t<div class=\"elementor-element elementor-element-07ccb6d elementor-widget elementor-widget-text-editor\" data-id=\"07ccb6d\" data-element_type=\"widget\" data-widget_type=\"text-editor.default\">\n\t\t\t\t\t\t\t\t\t<p>En r\u00e9unissant ces deux parties, YAKAJOBS favorise un \u00e9change mutuellement b\u00e9n\u00e9fique. D'une part, les entreprises b\u00e9n\u00e9ficient de l'exp\u00e9rience et du professionnalisme des retrait\u00e9s, d'autre part, les retrait\u00e9s trouvent une nouvelle source d'\u00e9panouissement et de stimulation intellectuelle. En effet, travailler apr\u00e8s la retraite permet \u00e0 la g\u00e9n\u00e9ration Silver de rester active, de maintenir des liens sociaux et de continuer \u00e0 se sentir utile et valoris\u00e9e.<br \/><br \/>En conclusion, travailler apr\u00e8s la retraite n'est pas seulement b\u00e9n\u00e9fique pour les personnes concern\u00e9es, c'est aussi un v\u00e9ritable plus pour la soci\u00e9t\u00e9 dans son ensemble. Chez YAKAJOBS, nous sommes fiers de soutenir cette Silver Generation grandissante et de contribuer \u00e0 cr\u00e9er un monde o\u00f9 l'exp\u00e9rience et la sagesse des seniors sont pleinement reconnues et valoris\u00e9es.<\/p>\t\t\t\t\t\t\t\t<\/div>\n\t\t\t\t<\/div>\n\t\t\t\t\t<\/div>\n\t\t\t\t<\/div>\n\t\t\t\t<\/div>","protected":false},"excerpt":{"rendered":"<p>Join the YAKACLUB Our community will soon benefit from many advantages YAKAJOBS doesn\u2019t stop there. We recognize that our seniors deserve more than just job opportunities\u2026 That\u2019s why our platform also offers a whole range of exclusive benefits to the YAKA (members) of our community. From gift vouchers and other benefits to tips and tricks [&hellip;]<\/p>\n","protected":false},"author":1,"featured_media":0,"parent":0,"menu_order":0,"comment_status":"closed","ping_status":"closed","template":"elementor_header_footer","meta":{"_seopress_robots_primary_cat":"","_seopress_titles_title":"Yakaclub | Exclusive Benefits &amp; Community for Retirees | Yakajobs","_seopress_titles_desc":"Join Yakaclub and enjoy exclusive perks, gift vouchers, career support, and community insights. Stay active, connected, and valued with Yakajobs\u2019 Silver Generation network.","_seopress_robots_index":"","footnotes":""},"class_list":["post-9714","page","type-page","status-publish","hentry"],"jetpack_sharing_enabled":true,"_links":{"self":[{"href":"https:\/\/yakajobs.com\/fr\/wp-json\/wp\/v2\/pages\/9714","targetHints":{"allow":["GET"]}}],"collection":[{"href":"https:\/\/yakajobs.com\/fr\/wp-json\/wp\/v2\/pages"}],"about":[{"href":"https:\/\/yakajobs.com\/fr\/wp-json\/wp\/v2\/types\/page"}],"author":[{"embeddable":true,"href":"https:\/\/yakajobs.com\/fr\/wp-json\/wp\/v2\/users\/1"}],"replies":[{"embeddable":true,"href":"https:\/\/yakajobs.com\/fr\/wp-json\/wp\/v2\/comments?post=9714"}],"version-history":[{"count":23,"href":"https:\/\/yakajobs.com\/fr\/wp-json\/wp\/v2\/pages\/9714\/revisions"}],"predecessor-version":[{"id":10338,"href":"https:\/\/yakajobs.com\/fr\/wp-json\/wp\/v2\/pages\/9714\/revisions\/10338"}],"wp:attachment":[{"href":"https:\/\/yakajobs.com\/fr\/wp-json\/wp\/v2\/media?parent=9714"}],"curies":[{"name":"wp","href":"https:\/\/api.w.org\/{rel}","templated":true}]}}