{"id":9829,"date":"2025-09-05T08:01:56","date_gmt":"2025-09-05T08:01:56","guid":{"rendered":"https:\/\/bd.karachifurniture.com\/?page_id=9829"},"modified":"2025-09-06T13:15:21","modified_gmt":"2025-09-06T13:15:21","slug":"cookies-policy","status":"publish","type":"page","link":"https:\/\/yakajobs.com\/fr\/cookies-policy\/","title":{"rendered":"Politique en mati\u00e8re de cookies"},"content":{"rendered":"<div data-elementor-type=\"wp-page\" data-elementor-id=\"9829\" class=\"elementor elementor-9829\" data-elementor-post-type=\"page\">\n\t\t\t\t<div class=\"elementor-element elementor-element-076d3dc e-con-full e-flex e-con e-parent\" data-id=\"076d3dc\" data-element_type=\"container\" data-settings=\"{&quot;background_background&quot;:&quot;classic&quot;}\">\n\t\t\t\t<div class=\"elementor-element elementor-element-90745f6 elementor-widget elementor-widget-heading\" data-id=\"90745f6\" data-element_type=\"widget\" data-widget_type=\"heading.default\">\n\t\t\t\t\t<h2 class=\"elementor-heading-title elementor-size-default\">Politique en mati\u00e8re de cookies<\/h2>\t\t\t\t<\/div>\n\t\t\t\t<\/div>\n\t\t<div class=\"elementor-element elementor-element-dac7952 e-flex e-con-boxed e-con e-parent\" data-id=\"dac7952\" data-element_type=\"container\">\n\t\t\t\t\t<div class=\"e-con-inner\">\n\t\t\t\t<div class=\"elementor-element elementor-element-bfcd774 elementor-widget elementor-widget-text-editor\" data-id=\"bfcd774\" data-element_type=\"widget\" data-widget_type=\"text-editor.default\">\n\t\t\t\t\t\t\t\t\t<p><strong>Derni\u00e8re mise \u00e0 jour : Septembre 2025<\/strong><\/p><p>Yakajobs utilise des cookies et des technologies similaires pour am\u00e9liorer votre exp\u00e9rience de navigation.<\/p><ol><li><strong> Qu'est-ce qu'un cookie ?<\/strong><\/li><\/ol><p>Les cookies sont de petits fichiers stock\u00e9s sur votre appareil lorsque vous visitez notre site. Ils nous aident \u00e0 m\u00e9moriser vos pr\u00e9f\u00e9rences et \u00e0 comprendre comment nos services sont utilis\u00e9s.<\/p><ol start=\"2\"><li><strong> Types de cookies que nous utilisons<\/strong><\/li><\/ol><ul><li><strong>Cookies essentiels<\/strong>: n\u00e9cessaire au fonctionnement du site (login, navigation).<\/li><li><strong>Cookies analytiques<\/strong>: nous aider \u00e0 mesurer le trafic et l'utilisation (Google Analytics).<\/li><li><strong>Cookies publicitaires<\/strong>: peut \u00eatre utilis\u00e9 pour afficher des offres pertinentes.<\/li><\/ul><ol start=\"3\"><li><strong> Gestion des cookies<\/strong><\/li><\/ol><p>Lorsque vous visitez le site Yakajobs.com, une banni\u00e8re vous permet d'accepter ou de refuser les cookies.<br \/>Vous pouvez \u00e9galement g\u00e9rer les cookies dans les param\u00e8tres de votre navigateur \u00e0 tout moment.<\/p><ol start=\"4\"><li><strong> Plus d'informations<\/strong><\/li><\/ol><p>Si vous avez des questions sur notre utilisation des cookies, contactez-nous \u00e0 l'adresse suivante <strong>contact@yakajobs.com<\/strong><\/p><p>\u00a0<\/p>\t\t\t\t\t\t\t\t<\/div>\n\t\t\t\t\t<\/div>\n\t\t\t\t<\/div>\n\t\t\t\t<\/div>","protected":false},"excerpt":{"rendered":"<p>Cookies Policy Last updated: September 2025 Yakajobs uses cookies and similar technologies to improve your browsing experience. What Are Cookies? Cookies are small files stored on your device when you visit our site. They help us remember your preferences and understand how our services are used. Types of Cookies We Use Essential cookies: necessary for [&hellip;]<\/p>\n","protected":false},"author":1,"featured_media":0,"parent":0,"menu_order":0,"comment_status":"closed","ping_status":"closed","template":"elementor_header_footer","meta":{"_seopress_robots_primary_cat":"","_seopress_titles_title":"","_seopress_titles_desc":"","_seopress_robots_index":"","footnotes":""},"class_list":["post-9829","page","type-page","status-publish","hentry"],"jetpack_sharing_enabled":true,"_links":{"self":[{"href":"https:\/\/yakajobs.com\/fr\/wp-json\/wp\/v2\/pages\/9829","targetHints":{"allow":["GET"]}}],"collection":[{"href":"https:\/\/yakajobs.com\/fr\/wp-json\/wp\/v2\/pages"}],"about":[{"href":"https:\/\/yakajobs.com\/fr\/wp-json\/wp\/v2\/types\/page"}],"author":[{"embeddable":true,"href":"https:\/\/yakajobs.com\/fr\/wp-json\/wp\/v2\/users\/1"}],"replies":[{"embeddable":true,"href":"https:\/\/yakajobs.com\/fr\/wp-json\/wp\/v2\/comments?post=9829"}],"version-history":[{"count":7,"href":"https:\/\/yakajobs.com\/fr\/wp-json\/wp\/v2\/pages\/9829\/revisions"}],"predecessor-version":[{"id":9934,"href":"https:\/\/yakajobs.com\/fr\/wp-json\/wp\/v2\/pages\/9829\/revisions\/9934"}],"wp:attachment":[{"href":"https:\/\/yakajobs.com\/fr\/wp-json\/wp\/v2\/media?parent=9829"}],"curies":[{"name":"wp","href":"https:\/\/api.w.org\/{rel}","templated":true}]}}