{"id":9504,"date":"2025-09-03T22:09:38","date_gmt":"2025-09-03T22:09:38","guid":{"rendered":"https:\/\/bd.karachifurniture.com\/?page_id=9504"},"modified":"2026-01-05T11:01:30","modified_gmt":"2026-01-05T11:01:30","slug":"yakadvice","status":"publish","type":"page","link":"https:\/\/yakajobs.com\/nl\/yakadvice\/","title":{"rendered":"Yakadvice"},"content":{"rendered":"<div data-elementor-type=\"wp-page\" data-elementor-id=\"9504\" class=\"elementor elementor-9504\" data-elementor-post-type=\"page\">\n\t\t\t\t<div class=\"elementor-element elementor-element-7dff1c8 e-flex e-con-boxed e-con e-parent\" data-id=\"7dff1c8\" data-element_type=\"container\">\n\t\t\t\t\t<div class=\"e-con-inner\">\n\t\t<div class=\"elementor-element elementor-element-794d671 e-con-full e-flex e-con e-child\" data-id=\"794d671\" data-element_type=\"container\">\n\t\t\t\t<div class=\"elementor-element elementor-element-a9b4095 elementor-widget__width-initial elementor-widget elementor-widget-heading\" data-id=\"a9b4095\" data-element_type=\"widget\" data-widget_type=\"heading.default\">\n\t\t\t\t\t<h2 class=\"elementor-heading-title elementor-size-default\">Gepensioneerden: een over het hoofd gezien goudklompje, een kans om te benutten!<\/h2>\t\t\t\t<\/div>\n\t\t\t\t<div class=\"elementor-element elementor-element-ce9e31e elementor-widget elementor-widget-text-editor\" data-id=\"ce9e31e\" data-element_type=\"widget\" data-widget_type=\"text-editor.default\">\n\t\t\t\t\t\t\t\t\t<p>Als onderdeel van YAKADVICE's op maat gemaakte aanbod, maken we het gemakkelijk om vaardigheden en beschikbaarheid af te stemmen op uw personeelsbehoeften.<br \/><br \/>Ons rigoureuze wervingsproces zorgt ervoor dat je de meest geschikte professionals krijgt voor jouw behoeften, met volledige transparantie, of je nu een freelancer of een werknemer bent.<\/p>\t\t\t\t\t\t\t\t<\/div>\n\t\t\t\t<div class=\"elementor-element elementor-element-91ed308 elementor-widget elementor-widget-button\" data-id=\"91ed308\" data-element_type=\"widget\" data-widget_type=\"button.default\">\n\t\t\t\t\t\t\t\t\t\t<a class=\"elementor-button elementor-button-link elementor-size-lg elementor-animation-shrink\" href=\"https:\/\/yakajobs.com\/nl\/?page_id=9292\">\n\t\t\t\t\t\t<span class=\"elementor-button-content-wrapper\">\n\t\t\t\t\t\t\t\t\t<span class=\"elementor-button-text\">NEEM DE GEPENSIONEERDE IN DIENST DIE BIJ U PAST!<\/span>\n\t\t\t\t\t<\/span>\n\t\t\t\t\t<\/a>\n\t\t\t\t\t\t\t\t<\/div>\n\t\t\t\t<\/div>\n\t\t<div class=\"elementor-element elementor-element-d56db31 e-con-full e-flex e-con e-child\" data-id=\"d56db31\" data-element_type=\"container\">\n\t\t\t\t<div class=\"elementor-element elementor-element-f3af7dd elementor-widget elementor-widget-image\" data-id=\"f3af7dd\" data-element_type=\"widget\" data-widget_type=\"image.default\">\n\t\t\t\t\t\t\t\t\t\t\t\t\t\t\t<img alt=\"\" fetchpriority=\"high\" decoding=\"async\" width=\"660\" height=\"441\" src=\"https:\/\/yakajobs.com\/wp-content\/uploads\/2025\/08\/piermarco-zanga-41-2023-11-27-04-59-19-utc-1024x684.jpg\" class=\"attachment-large size-large wp-image-8755\" srcset=\"https:\/\/yakajobs.com\/wp-content\/uploads\/2025\/08\/piermarco-zanga-41-2023-11-27-04-59-19-utc-1024x684.jpg 1024w, https:\/\/yakajobs.com\/wp-content\/uploads\/2025\/08\/piermarco-zanga-41-2023-11-27-04-59-19-utc-300x200.jpg 300w, https:\/\/yakajobs.com\/wp-content\/uploads\/2025\/08\/piermarco-zanga-41-2023-11-27-04-59-19-utc-768x513.jpg 768w, https:\/\/yakajobs.com\/wp-content\/uploads\/2025\/08\/piermarco-zanga-41-2023-11-27-04-59-19-utc-1536x1025.jpg 1536w, https:\/\/yakajobs.com\/wp-content\/uploads\/2025\/08\/piermarco-zanga-41-2023-11-27-04-59-19-utc-2048x1367.jpg 2048w, https:\/\/yakajobs.com\/wp-content\/uploads\/2025\/08\/piermarco-zanga-41-2023-11-27-04-59-19-utc-600x401.jpg 600w\" sizes=\"(max-width: 660px) 100vw, 660px\" \/>\t\t\t\t\t\t\t\t\t\t\t\t\t\t\t<\/div>\n\t\t\t\t<\/div>\n\t\t\t\t\t<\/div>\n\t\t\t\t<\/div>\n\t\t<div class=\"elementor-element elementor-element-5552bfe e-flex e-con-boxed e-con e-parent\" data-id=\"5552bfe\" data-element_type=\"container\">\n\t\t\t\t\t<div class=\"e-con-inner\">\n\t\t<div class=\"elementor-element elementor-element-f4ccdd3 e-con-full e-flex e-con e-child\" data-id=\"f4ccdd3\" data-element_type=\"container\">\n\t\t\t\t<div class=\"elementor-element elementor-element-7fa097b elementor-widget elementor-widget-image\" data-id=\"7fa097b\" data-element_type=\"widget\" data-widget_type=\"image.default\">\n\t\t\t\t\t\t\t\t\t\t\t\t\t\t\t<img alt=\"\" decoding=\"async\" width=\"660\" height=\"440\" src=\"https:\/\/yakajobs.com\/wp-content\/uploads\/2025\/09\/happy-mature-senior-business-woman-laughing-isolat-2023-11-27-05-28-22-utc-1024x683.jpg\" class=\"attachment-large size-large wp-image-9523\" srcset=\"https:\/\/yakajobs.com\/wp-content\/uploads\/2025\/09\/happy-mature-senior-business-woman-laughing-isolat-2023-11-27-05-28-22-utc-1024x683.jpg 1024w, https:\/\/yakajobs.com\/wp-content\/uploads\/2025\/09\/happy-mature-senior-business-woman-laughing-isolat-2023-11-27-05-28-22-utc-300x200.jpg 300w, https:\/\/yakajobs.com\/wp-content\/uploads\/2025\/09\/happy-mature-senior-business-woman-laughing-isolat-2023-11-27-05-28-22-utc-768x512.jpg 768w, https:\/\/yakajobs.com\/wp-content\/uploads\/2025\/09\/happy-mature-senior-business-woman-laughing-isolat-2023-11-27-05-28-22-utc-1536x1024.jpg 1536w, https:\/\/yakajobs.com\/wp-content\/uploads\/2025\/09\/happy-mature-senior-business-woman-laughing-isolat-2023-11-27-05-28-22-utc-2048x1365.jpg 2048w, https:\/\/yakajobs.com\/wp-content\/uploads\/2025\/09\/happy-mature-senior-business-woman-laughing-isolat-2023-11-27-05-28-22-utc-600x400.jpg 600w\" sizes=\"(max-width: 660px) 100vw, 660px\" \/>\t\t\t\t\t\t\t\t\t\t\t\t\t\t\t<\/div>\n\t\t\t\t<\/div>\n\t\t<div class=\"elementor-element elementor-element-f48f48f e-con-full e-flex e-con e-child\" data-id=\"f48f48f\" data-element_type=\"container\">\n\t\t\t\t<div class=\"elementor-element elementor-element-7d646be elementor-widget__width-initial elementor-widget elementor-widget-heading\" data-id=\"7d646be\" data-element_type=\"widget\" data-widget_type=\"heading.default\">\n\t\t\t\t\t<h2 class=\"elementor-heading-title elementor-size-default\">Zo werkt YAKAJOBS:<\/h2>\t\t\t\t<\/div>\n\t\t\t\t<div class=\"elementor-element elementor-element-8638b8d elementor-widget elementor-widget-n-accordion\" data-id=\"8638b8d\" data-element_type=\"widget\" data-settings=\"{&quot;default_state&quot;:&quot;all_collapsed&quot;,&quot;max_items_expended&quot;:&quot;one&quot;,&quot;n_accordion_animation_duration&quot;:{&quot;unit&quot;:&quot;ms&quot;,&quot;size&quot;:400,&quot;sizes&quot;:[]}}\" data-widget_type=\"nested-accordion.default\">\n\t\t\t\t\t\t\t<div class=\"e-n-accordion\" aria-label=\"Accordeon. Links openen met Enter of Spatie, sluiten met Escape en navigeren met Pijltjestoetsen\">\n\t\t\t\t\t\t<details id=\"e-n-accordion-item-1400\" class=\"e-n-accordion-item\" >\n\t\t\t\t<summary class=\"e-n-accordion-item-title\" data-accordion-index=\"1\" tabindex=\"0\" aria-expanded=\"false\" aria-controls=\"e-n-accordion-item-1400\" >\n\t\t\t\t\t<span class='e-n-accordion-item-title-header'><div class=\"e-n-accordion-item-title-text\"> Interview en selectie <\/div><\/span>\n\t\t\t\t\t\t\t<span class='e-n-accordion-item-title-icon'>\n\t\t\t<span class='e-opened' ><svg aria-hidden=\"true\" class=\"e-font-icon-svg e-fas-minus\" viewbox=\"0 0 448 512\" xmlns=\"http:\/\/www.w3.org\/2000\/svg\"><path d=\"M416 208H32c-17.67 0-32 14.33-32 32v32c0 17.67 14.33 32 32 32h384c17.67 0 32-14.33 32-32v-32c0-17.67-14.33-32-32-32z\"><\/path><\/svg><\/span>\n\t\t\t<span class='e-closed'><svg aria-hidden=\"true\" class=\"e-font-icon-svg e-fas-plus\" viewbox=\"0 0 448 512\" xmlns=\"http:\/\/www.w3.org\/2000\/svg\"><path d=\"M416 208H272V64c0-17.67-14.33-32-32-32h-32c-17.67 0-32 14.33-32 32v144H32c-17.67 0-32 14.33-32 32v32c0 17.67 14.33 32 32 32h144v144c0 17.67 14.33 32 32 32h32c17.67 0 32-14.33 32-32V304h144c17.67 0 32-14.33 32-32v-32c0-17.67-14.33-32-32-32z\"><\/path><\/svg><\/span>\n\t\t<\/span>\n\n\t\t\t\t\t\t<\/summary>\n\t\t\t\t<div role=\"region\" aria-labelledby=\"e-n-accordion-item-1400\" class=\"elementor-element elementor-element-c0c7c7a e-con-full e-flex e-con e-child\" data-id=\"c0c7c7a\" data-element_type=\"container\">\n\t\t\t\t<div class=\"elementor-element elementor-element-4db5381 elementor-widget elementor-widget-text-editor\" data-id=\"4db5381\" data-element_type=\"widget\" data-widget_type=\"text-editor.default\">\n\t\t\t\t\t\t\t\t\t<p>We interviewen en evalueren kandidaten grondig om u de beste professionals\/gepensioneerden te kunnen bieden.<\/p>\t\t\t\t\t\t\t\t<\/div>\n\t\t\t\t<\/div>\n\t\t\t\t\t<\/details>\n\t\t\t\t\t<\/div>\n\t\t\t\t\t\t<\/div>\n\t\t\t\t<div class=\"elementor-element elementor-element-844f681 elementor-widget elementor-widget-n-accordion\" data-id=\"844f681\" data-element_type=\"widget\" data-settings=\"{&quot;default_state&quot;:&quot;all_collapsed&quot;,&quot;max_items_expended&quot;:&quot;one&quot;,&quot;n_accordion_animation_duration&quot;:{&quot;unit&quot;:&quot;ms&quot;,&quot;size&quot;:400,&quot;sizes&quot;:[]}}\" data-widget_type=\"nested-accordion.default\">\n\t\t\t\t\t\t\t<div class=\"e-n-accordion\" aria-label=\"Accordeon. Links openen met Enter of Spatie, sluiten met Escape en navigeren met Pijltjestoetsen\">\n\t\t\t\t\t\t<details id=\"e-n-accordion-item-1380\" class=\"e-n-accordion-item\" >\n\t\t\t\t<summary class=\"e-n-accordion-item-title\" data-accordion-index=\"1\" tabindex=\"0\" aria-expanded=\"false\" aria-controls=\"e-n-accordion-item-1380\" >\n\t\t\t\t\t<span class='e-n-accordion-item-title-header'><div class=\"e-n-accordion-item-title-text\"> Geen succes, geen kosten <\/div><\/span>\n\t\t\t\t\t\t\t<span class='e-n-accordion-item-title-icon'>\n\t\t\t<span class='e-opened' ><svg aria-hidden=\"true\" class=\"e-font-icon-svg e-fas-minus\" viewbox=\"0 0 448 512\" xmlns=\"http:\/\/www.w3.org\/2000\/svg\"><path d=\"M416 208H32c-17.67 0-32 14.33-32 32v32c0 17.67 14.33 32 32 32h384c17.67 0 32-14.33 32-32v-32c0-17.67-14.33-32-32-32z\"><\/path><\/svg><\/span>\n\t\t\t<span class='e-closed'><svg aria-hidden=\"true\" class=\"e-font-icon-svg e-fas-plus\" viewbox=\"0 0 448 512\" xmlns=\"http:\/\/www.w3.org\/2000\/svg\"><path d=\"M416 208H272V64c0-17.67-14.33-32-32-32h-32c-17.67 0-32 14.33-32 32v144H32c-17.67 0-32 14.33-32 32v32c0 17.67 14.33 32 32 32h144v144c0 17.67 14.33 32 32 32h32c17.67 0 32-14.33 32-32V304h144c17.67 0 32-14.33 32-32v-32c0-17.67-14.33-32-32-32z\"><\/path><\/svg><\/span>\n\t\t<\/span>\n\n\t\t\t\t\t\t<\/summary>\n\t\t\t\t<div role=\"region\" aria-labelledby=\"e-n-accordion-item-1380\" class=\"elementor-element elementor-element-ad6b9ac e-con-full e-flex e-con e-child\" data-id=\"ad6b9ac\" data-element_type=\"container\">\n\t\t\t\t<div class=\"elementor-element elementor-element-767132b elementor-widget elementor-widget-text-editor\" data-id=\"767132b\" data-element_type=\"widget\" data-widget_type=\"text-editor.default\">\n\t\t\t\t\t\t\t\t\t<p>Bij YAKAJOBS geloven we in het principe \"no cure, no pay\". Je betaalt alleen vergoedingen als je de gepensioneerde daadwerkelijk in dienst neemt.<\/p>\t\t\t\t\t\t\t\t<\/div>\n\t\t\t\t<\/div>\n\t\t\t\t\t<\/details>\n\t\t\t\t\t<\/div>\n\t\t\t\t\t\t<\/div>\n\t\t\t\t<div class=\"elementor-element elementor-element-8b0da0a elementor-widget elementor-widget-n-accordion\" data-id=\"8b0da0a\" data-element_type=\"widget\" data-settings=\"{&quot;default_state&quot;:&quot;all_collapsed&quot;,&quot;max_items_expended&quot;:&quot;one&quot;,&quot;n_accordion_animation_duration&quot;:{&quot;unit&quot;:&quot;ms&quot;,&quot;size&quot;:400,&quot;sizes&quot;:[]}}\" data-widget_type=\"nested-accordion.default\">\n\t\t\t\t\t\t\t<div class=\"e-n-accordion\" aria-label=\"Accordeon. Links openen met Enter of Spatie, sluiten met Escape en navigeren met Pijltjestoetsen\">\n\t\t\t\t\t\t<details id=\"e-n-accordion-item-1450\" class=\"e-n-accordion-item\" >\n\t\t\t\t<summary class=\"e-n-accordion-item-title\" data-accordion-index=\"1\" tabindex=\"0\" aria-expanded=\"false\" aria-controls=\"e-n-accordion-item-1450\" >\n\t\t\t\t\t<span class='e-n-accordion-item-title-header'><div class=\"e-n-accordion-item-title-text\"> Flexibiliteit voor gepensioneerden <\/div><\/span>\n\t\t\t\t\t\t\t<span class='e-n-accordion-item-title-icon'>\n\t\t\t<span class='e-opened' ><svg aria-hidden=\"true\" class=\"e-font-icon-svg e-fas-minus\" viewbox=\"0 0 448 512\" xmlns=\"http:\/\/www.w3.org\/2000\/svg\"><path d=\"M416 208H32c-17.67 0-32 14.33-32 32v32c0 17.67 14.33 32 32 32h384c17.67 0 32-14.33 32-32v-32c0-17.67-14.33-32-32-32z\"><\/path><\/svg><\/span>\n\t\t\t<span class='e-closed'><svg aria-hidden=\"true\" class=\"e-font-icon-svg e-fas-plus\" viewbox=\"0 0 448 512\" xmlns=\"http:\/\/www.w3.org\/2000\/svg\"><path d=\"M416 208H272V64c0-17.67-14.33-32-32-32h-32c-17.67 0-32 14.33-32 32v144H32c-17.67 0-32 14.33-32 32v32c0 17.67 14.33 32 32 32h144v144c0 17.67 14.33 32 32 32h32c17.67 0 32-14.33 32-32V304h144c17.67 0 32-14.33 32-32v-32c0-17.67-14.33-32-32-32z\"><\/path><\/svg><\/span>\n\t\t<\/span>\n\n\t\t\t\t\t\t<\/summary>\n\t\t\t\t<div role=\"region\" aria-labelledby=\"e-n-accordion-item-1450\" class=\"elementor-element elementor-element-3dae498 e-con-full e-flex e-con e-child\" data-id=\"3dae498\" data-element_type=\"container\">\n\t\t\t\t<div class=\"elementor-element elementor-element-d46624c elementor-widget elementor-widget-text-editor\" data-id=\"d46624c\" data-element_type=\"widget\" data-widget_type=\"text-editor.default\">\n\t\t\t\t\t\t\t\t\t<p>Onze gepensioneerden zijn beschikbaar voor opdrachten vari\u00ebrend van \u00e9\u00e9n dag tot meer dan een jaar, met beschikbaarheid van 10% tot fulltime.<\/p>\t\t\t\t\t\t\t\t<\/div>\n\t\t\t\t<\/div>\n\t\t\t\t\t<\/details>\n\t\t\t\t\t<\/div>\n\t\t\t\t\t\t<\/div>\n\t\t\t\t<\/div>\n\t\t\t\t\t<\/div>\n\t\t\t\t<\/div>\n\t\t<div class=\"elementor-element elementor-element-30ccc87 e-flex e-con-boxed e-con e-parent\" data-id=\"30ccc87\" data-element_type=\"container\">\n\t\t\t\t\t<div class=\"e-con-inner\">\n\t\t\t\t<div class=\"elementor-element elementor-element-1a406f3 elementor-widget-divider--view-line_icon elementor-widget-divider--element-align-right elementor-view-default elementor-widget elementor-widget-divider\" data-id=\"1a406f3\" data-element_type=\"widget\" data-widget_type=\"divider.default\">\n\t\t\t\t\t\t\t<div class=\"elementor-divider\">\n\t\t\t<span class=\"elementor-divider-separator\">\n\t\t\t\t\t\t\t<div class=\"elementor-icon elementor-divider__element\">\n\t\t\t\t\t<svg aria-hidden=\"true\" class=\"e-font-icon-svg e-fas-circle\" viewbox=\"0 0 512 512\" xmlns=\"http:\/\/www.w3.org\/2000\/svg\"><path d=\"M256 8C119 8 8 119 8 256s111 248 248 248 248-111 248-248S393 8 256 8z\"><\/path><\/svg><\/div>\n\t\t\t\t\t\t<\/span>\n\t\t<\/div>\n\t\t\t\t\t\t<\/div>\n\t\t\t\t\t<\/div>\n\t\t\t\t<\/div>\n\t\t<div class=\"elementor-element elementor-element-06d0d03 e-flex e-con-boxed e-con e-parent\" data-id=\"06d0d03\" data-element_type=\"container\">\n\t\t\t\t\t<div class=\"e-con-inner\">\n\t\t\t\t<div class=\"elementor-element elementor-element-84e6663 elementor-widget elementor-widget-heading\" data-id=\"84e6663\" data-element_type=\"widget\" data-widget_type=\"heading.default\">\n\t\t\t\t\t<h2 class=\"elementor-heading-title elementor-size-default\">Freelance \/ Consultant \/ Salarisadministratie<\/h2>\t\t\t\t<\/div>\n\t\t\t\t<div class=\"elementor-element elementor-element-2d56364 elementor-widget elementor-widget-heading\" data-id=\"2d56364\" data-element_type=\"widget\" data-widget_type=\"heading.default\">\n\t\t\t\t\t<h2 class=\"elementor-heading-title elementor-size-default\">Met YAKAJOBS vereenvoudig je je wervingsprocessen en vind je het beste talent voor je bedrijf, zonder gedoe of verborgen kosten.<\/h2>\t\t\t\t<\/div>\n\t\t\t\t<div class=\"elementor-element elementor-element-5f9e2fb elementor-widget elementor-widget-text-editor\" data-id=\"5f9e2fb\" data-element_type=\"widget\" data-widget_type=\"text-editor.default\">\n\t\t\t\t\t\t\t\t\t<p><strong>In de praktijk:<\/strong><\/p><ul><li><strong>Zeg maar dag tegen gemiddelde commissies van 30%.<\/strong><\/li><li>Je onderhandelt rechtstreeks met de kandidaat, <strong>we nemen geen marge<\/strong>.<\/li><li>Gepensioneerdenprofielen worden voorgesteld op basis van de <strong>\"GEEN GENEZING, GEEN BETALING\"<\/strong><\/li><\/ul><p><strong>Prijzen \/ Voorwaarden:<\/strong><\/p><ul><li>Voor het plaatsen van uw vacature (online vermelding), promotie via onze netwerken en andere kanalen, een <em><strong>\u00a0vergoeding<\/strong><\/em><strong> van 999,-\u20ac excl. btw<\/strong> is vereist.<\/li><li>Bij het aannemen van een gepensioneerde <strong>eenmalige vergoeding van 3.850,-\u20ac excl. btw. <\/strong><strong>BTW<\/strong> worden gefactureerd.<\/li><li>De volledige betaling is verschuldigd bij ontvangst van de factuur.<\/li><\/ul>\t\t\t\t\t\t\t\t<\/div>\n\t\t\t\t<div class=\"elementor-element elementor-element-398ec50 elementor-align-center elementor-widget elementor-widget-button\" data-id=\"398ec50\" data-element_type=\"widget\" data-widget_type=\"button.default\">\n\t\t\t\t\t\t\t\t\t\t<a class=\"elementor-button elementor-button-link elementor-size-lg elementor-animation-shrink\" href=\"https:\/\/yakajobs.com\/nl\/contact\/\">\n\t\t\t\t\t\t<span class=\"elementor-button-content-wrapper\">\n\t\t\t\t\t\t\t\t\t<span class=\"elementor-button-text\">CONTACT ONS<\/span>\n\t\t\t\t\t<\/span>\n\t\t\t\t\t<\/a>\n\t\t\t\t\t\t\t\t<\/div>\n\t\t\t\t\t<\/div>\n\t\t\t\t<\/div>\n\t\t\t\t<\/div>","protected":false},"excerpt":{"rendered":"<p>Retirees: an overlooked nugget, an opportunity to be exploited! As part of YAKADVICE\u2019s customized offer, we make it easy to match skills and availability to your staffing needs. Our rigorous hiring process ensures that you get the most suitable professionals for your needs, with complete transparency, whether you\u2019re a freelancer or an employee. HIRE THE [&hellip;]<\/p>\n","protected":false},"author":1,"featured_media":0,"parent":0,"menu_order":0,"comment_status":"closed","ping_status":"closed","template":"elementor_header_footer","meta":{"_seopress_robots_primary_cat":"","_seopress_titles_title":"","_seopress_titles_desc":"","_seopress_robots_index":"","footnotes":""},"class_list":["post-9504","page","type-page","status-publish","hentry"],"jetpack_sharing_enabled":true,"_links":{"self":[{"href":"https:\/\/yakajobs.com\/nl\/wp-json\/wp\/v2\/pages\/9504","targetHints":{"allow":["GET"]}}],"collection":[{"href":"https:\/\/yakajobs.com\/nl\/wp-json\/wp\/v2\/pages"}],"about":[{"href":"https:\/\/yakajobs.com\/nl\/wp-json\/wp\/v2\/types\/page"}],"author":[{"embeddable":true,"href":"https:\/\/yakajobs.com\/nl\/wp-json\/wp\/v2\/users\/1"}],"replies":[{"embeddable":true,"href":"https:\/\/yakajobs.com\/nl\/wp-json\/wp\/v2\/comments?post=9504"}],"version-history":[{"count":65,"href":"https:\/\/yakajobs.com\/nl\/wp-json\/wp\/v2\/pages\/9504\/revisions"}],"predecessor-version":[{"id":10340,"href":"https:\/\/yakajobs.com\/nl\/wp-json\/wp\/v2\/pages\/9504\/revisions\/10340"}],"wp:attachment":[{"href":"https:\/\/yakajobs.com\/nl\/wp-json\/wp\/v2\/media?parent=9504"}],"curies":[{"name":"wp","href":"https:\/\/api.w.org\/{rel}","templated":true}]}}